{"id":18360,"date":"2024-11-05T07:38:26","date_gmt":"2024-11-05T15:38:26","guid":{"rendered":"https:\/\/www.kidsphysio.ca\/?page_id=18360"},"modified":"2024-12-31T08:07:32","modified_gmt":"2024-12-31T16:07:32","slug":"scoliosis","status":"publish","type":"page","link":"https:\/\/www.kidsphysio.ca\/fr\/scoliosis\/","title":{"rendered":"Scoliose"},"content":{"rendered":"<div data-elementor-type=\"wp-page\" data-elementor-id=\"18360\" class=\"elementor elementor-18360\" data-elementor-post-type=\"page\">\n\t\t\t\t<div class=\"elementor-element elementor-element-76a0c265 e-flex e-con-boxed e-con e-parent\" data-id=\"76a0c265\" data-element_type=\"container\" data-settings=\"{&quot;background_background&quot;:&quot;classic&quot;}\">\n\t\t\t\t\t<div class=\"e-con-inner\">\n\t\t<div class=\"elementor-element elementor-element-6b5a6c70 e-con-full e-flex e-con e-child\" data-id=\"6b5a6c70\" data-element_type=\"container\">\n\t\t\t\t<div class=\"elementor-element elementor-element-7520060 exad-sticky-section-no exad-glass-effect-no elementor-widget elementor-widget-heading\" data-id=\"7520060\" data-element_type=\"widget\" data-widget_type=\"heading.default\">\n\t\t\t\t<div class=\"elementor-widget-container\">\n\t\t\t\t\t<h2 class=\"elementor-heading-title elementor-size-default\">Scoliose<\/h2>\t\t\t\t<\/div>\n\t\t\t\t<\/div>\n\t\t\t\t<\/div>\n\t\t<div class=\"elementor-element elementor-element-1e55993b elementor-hidden-mobile e-con-full elementor-hidden-tablet e-flex e-con e-child\" data-id=\"1e55993b\" data-element_type=\"container\">\n\t\t\t\t<div class=\"elementor-element elementor-element-44208196 animated-slow exad-sticky-section-no exad-glass-effect-no elementor-invisible elementor-widget elementor-widget-image\" data-id=\"44208196\" data-element_type=\"widget\" data-settings=\"{&quot;_animation&quot;:&quot;fadeIn&quot;}\" data-widget_type=\"image.default\">\n\t\t\t\t<div class=\"elementor-widget-container\">\n\t\t\t\t\t\t\t\t\t\t\t\t\t\t\t<img fetchpriority=\"high\" decoding=\"async\" width=\"640\" height=\"694\" src=\"https:\/\/www.kidsphysio.ca\/wp-content\/uploads\/2022\/05\/KPG_JumpingKid_WHITE-944x1024.png\" class=\"attachment-large size-large wp-image-6015\" alt=\"\" srcset=\"https:\/\/www.kidsphysio.ca\/wp-content\/uploads\/2022\/05\/KPG_JumpingKid_WHITE-944x1024.png 944w, https:\/\/www.kidsphysio.ca\/wp-content\/uploads\/2022\/05\/KPG_JumpingKid_WHITE-277x300.png 277w, https:\/\/www.kidsphysio.ca\/wp-content\/uploads\/2022\/05\/KPG_JumpingKid_WHITE-768x833.png 768w, https:\/\/www.kidsphysio.ca\/wp-content\/uploads\/2022\/05\/KPG_JumpingKid_WHITE-11x12.png 11w, https:\/\/www.kidsphysio.ca\/wp-content\/uploads\/2022\/05\/KPG_JumpingKid_WHITE.png 1358w\" sizes=\"(max-width: 640px) 100vw, 640px\" title=\"\">\t\t\t\t\t\t\t\t\t\t\t\t\t\t\t<\/div>\n\t\t\t\t<\/div>\n\t\t\t\t<\/div>\n\t\t\t\t\t<\/div>\n\t\t\t\t<\/div>\n\t\t<div class=\"elementor-element elementor-element-a3b6649 e-grid e-con-boxed e-con e-parent\" data-id=\"a3b6649\" data-element_type=\"container\">\n\t\t\t\t\t<div class=\"e-con-inner\">\n\t\t\t\t<div class=\"elementor-element elementor-element-040b157 exad-sticky-section-no exad-glass-effect-no elementor-widget elementor-widget-text-editor\" data-id=\"040b157\" data-element_type=\"widget\" data-widget_type=\"text-editor.default\">\n\t\t\t\t<div class=\"elementor-widget-container\">\n\t\t\t\t\t\t\t\t\t<p><span style=\"font-weight: 400;\">La scoliose fait r\u00e9f\u00e9rence \u00e0 une courbure de la colonne vert\u00e9brale sup\u00e9rieure \u00e0 10 degr\u00e9s. Il existe trois cat\u00e9gories diff\u00e9rentes de scoliose:<\/span><\/p><ol><li style=\"font-weight: 400;\" aria-level=\"1\" class=\"translation-block\"><b>Cong\u00e9nital<\/b><span style=\"font-weight: 400\">\u00a0: fait r\u00e9f\u00e9rence \u00e0 une anomalie de la colonne vert\u00e9brale caus\u00e9e par une vert\u00e8bre anormalement form\u00e9e.<\/span><\/li><li style=\"font-weight: 400;\" aria-level=\"1\" class=\"translation-block\"><b>Syndromique<\/b><span style=\"font-weight: 400\">\u00a0: fait r\u00e9f\u00e9rence \u00e0 une courbure de la colonne vert\u00e9brale associ\u00e9e \u00e0 une autre affection qui affecte le syst\u00e8me neurologique, le syst\u00e8me squelettique, le tissu conjonctif du corps ou d'autres probl\u00e8mes m\u00e9dicaux majeurs. conditions.<\/span><\/li><li style=\"font-weight: 400;\" aria-level=\"1\" class=\"translation-block\"><b>Idiopathique<\/b><span style=\"font-weight: 400\">\u00a0: n'a aucune cause connue et peut lui-m\u00eame \u00eatre divis\u00e9 en trois cat\u00e9gories en fonction de l'\u00e2ge d'apparition et du diagnostic. La forme la plus courante de scoliose est la scoliose idiopathique de l'adolescent qui touche les jeunes de plus de 10 ans.<\/span><\/li><\/ol><h3><b>D\u00e9pistage de la scoliose<\/b><\/h3><p><span style=\"font-weight: 400;\">Le d\u00e9pistage de la scoliose comprend un examen physique pour \u00e9valuer l\u2019alignement de la colonne vert\u00e9brale de votre enfant. De plus, une \u00e9valuation de la longueur du bassin et des jambes de votre enfant est incluse dans un d\u00e9pistage de la scoliose pour aider \u00e0 d\u00e9terminer si votre enfant pr\u00e9sente effectivement une courbure vert\u00e9brale. Si l\u2019on soup\u00e7onne que la colonne vert\u00e9brale est courb\u00e9e, le m\u00e9decin de famille de l\u2019enfant peut prescrire une radiographie afin de d\u00e9terminer le degr\u00e9 de courbure afin de fournir le meilleur traitement disponible pour cette courbure sp\u00e9cifique.\u00a0<\/span><\/p>\t\t\t\t\t\t\t\t<\/div>\n\t\t\t\t<\/div>\n\t\t\t\t<div class=\"elementor-element elementor-element-f094e8c exad-sticky-section-no exad-glass-effect-no elementor-widget elementor-widget-image\" data-id=\"f094e8c\" data-element_type=\"widget\" data-widget_type=\"image.default\">\n\t\t\t\t<div class=\"elementor-widget-container\">\n\t\t\t\t\t\t\t\t\t\t\t\t\t\t\t<img decoding=\"async\" width=\"600\" height=\"776\" src=\"https:\/\/www.kidsphysio.ca\/wp-content\/uploads\/2024\/12\/download-3-1.jpeg\" class=\"attachment-large size-large wp-image-18945\" alt=\"A physiotherapist performing Scoliosis on a patient\" srcset=\"https:\/\/www.kidsphysio.ca\/wp-content\/uploads\/2024\/12\/download-3-1.jpeg 600w, https:\/\/www.kidsphysio.ca\/wp-content\/uploads\/2024\/12\/download-3-1-232x300.jpeg 232w, https:\/\/www.kidsphysio.ca\/wp-content\/uploads\/2024\/12\/download-3-1-9x12.jpeg 9w\" sizes=\"(max-width: 600px) 100vw, 600px\" title=\"\">\t\t\t\t\t\t\t\t\t\t\t\t\t\t\t<\/div>\n\t\t\t\t<\/div>\n\t\t\t\t\t<\/div>\n\t\t\t\t<\/div>\n\t\t<div class=\"elementor-element elementor-element-23f884ad e-flex e-con-boxed e-con e-parent\" data-id=\"23f884ad\" data-element_type=\"container\">\n\t\t\t\t\t<div class=\"e-con-inner\">\n\t\t\t\t<div class=\"elementor-element elementor-element-78336853 exad-sticky-section-no exad-glass-effect-no elementor-widget elementor-widget-text-editor\" data-id=\"78336853\" data-element_type=\"widget\" data-widget_type=\"text-editor.default\">\n\t\t\t\t<div class=\"elementor-widget-container\">\n\t\t\t\t\t\t\t\t\t<h3><b>Options de traitement<\/b><\/h3><p><span style=\"font-weight: 400;\">Selon la gravit\u00e9 de la scoliose, diverses options de traitement peuvent \u00eatre recommand\u00e9es par un m\u00e9decin ou un chirurgien.<\/span><\/p><ol><li style=\"font-weight: 400;\" aria-level=\"1\" class=\"translation-block\">L'<i><span style=\"font-weight: 400\">Observation<\/span><\/i><span style=\"font-weight: 400\"> est le traitement le plus courant dans le plan de prise en charge de la scoliose l\u00e9g\u00e8re. . Avec cette approche, les enfants consulteraient p\u00e9riodiquement un sp\u00e9cialiste pour v\u00e9rifier la progression de la courbe et surveiller le d\u00e9veloppement de l\u2019enfant.\u00a0<\/span><\/li><li style=\"font-weight: 400;\" aria-level=\"1\" class=\"translation-block\"><i><span style=\"font-weight: 400\">Un corset<\/span><\/i><span style=\"font-weight: 400\"> est parfois envisag\u00e9 pour les personnes souffrant d'une scoliose plus importante afin de favoriser l'alignement des la colonne vert\u00e9brale \u00e0 travers la croissance et la maturation.\u00a0<\/span><\/li><li style=\"font-weight: 400;\" aria-level=\"1\" class=\"translation-block\"><i><span style=\"font-weight: 400\">La chirurgie<\/span><\/i><span style=\"font-weight: 400\"> est envisag\u00e9e pour les personnes atteintes de scoliose s\u00e9v\u00e8re ou de scoliose importante il est probable que cela progresse pour corriger la courbe et promouvoir une colonne vert\u00e9brale droite plut\u00f4t qu'une forme en \u00ab C \u00bb ou en \u00ab S \u00bb.<\/span><\/li><\/ol><p><span style=\"font-weight: 400;\">La physioth\u00e9rapie peut aider \u00e0 compl\u00e9ter toutes ces options de traitement\u00a0!<\/span><\/p><h3><b>Comment la physioth\u00e9rapie peut aider<\/b><\/h3><p><span style=\"font-weight: 400;\">Physiotherapy can be an important component of care of children with scoliosis and may include:<\/span><\/p><ul><li style=\"font-weight: 400;\" aria-level=\"1\"><span style=\"font-weight: 400;\">Travail postural pour \u00e9viter que l\u2019enfant \u00ab s\u2019assoie dans sa courbe \u00bb<\/span><\/li><li style=\"font-weight: 400;\" aria-level=\"1\"><span style=\"font-weight: 400;\">Renforcement de la colonne vert\u00e9brale pour favoriser une croissance sym\u00e9trique et maintenir une excellente posture<\/span><\/li><li style=\"font-weight: 400;\" aria-level=\"1\"><span style=\"font-weight: 400;\">Gestion de la douleur<\/span><\/li><li style=\"font-weight: 400;\" aria-level=\"1\"><span style=\"font-weight: 400;\">D\u00e9s\u00e9quilibres musculaires<\/span><\/li><li style=\"font-weight: 400;\" aria-level=\"1\"><span style=\"font-weight: 400;\">Autres blessures orthop\u00e9diques pouvant survenir en raison d'une asym\u00e9trie li\u00e9e \u00e0 la scoliose<\/span><\/li><li style=\"font-weight: 400;\" aria-level=\"1\"><span style=\"font-weight: 400;\">Renforcement pr\u00e9 + post-op\u00e9ratoire<\/span><\/li><\/ul>\t\t\t\t\t\t\t\t<\/div>\n\t\t\t\t<\/div>\n\t\t\t\t\t<\/div>\n\t\t\t\t<\/div>\n\t\t<div class=\"elementor-element elementor-element-c80931f e-flex e-con-boxed e-con e-parent\" data-id=\"c80931f\" data-element_type=\"container\">\n\t\t\t\t\t<div class=\"e-con-inner\">\n\t\t\t\t<div class=\"elementor-element elementor-element-79db838 elementor-align-center exad-sticky-section-no exad-glass-effect-no elementor-widget elementor-widget-button\" data-id=\"79db838\" data-element_type=\"widget\" data-widget_type=\"button.default\">\n\t\t\t\t<div class=\"elementor-widget-container\">\n\t\t\t\t\t\t\t\t\t<div class=\"elementor-button-wrapper\">\n\t\t\t\t\t<a class=\"elementor-button elementor-button-link elementor-size-sm\" href=\"https:\/\/acrobat.adobe.com\/id\/urn:aaid:sc:VA6C2:044b954d-9a4c-4588-a35e-59a5532d3368\" target=\"_blank\" rel=\"noopener\">\n\t\t\t\t\t\t<span class=\"elementor-button-content-wrapper\">\n\t\t\t\t\t\t\t\t\t<span class=\"elementor-button-text\">T\u00c9L\u00c9CHARGEZ LE PDF ICI<\/span>\n\t\t\t\t\t<\/span>\n\t\t\t\t\t<\/a>\n\t\t\t\t<\/div>\n\t\t\t\t\t\t\t\t<\/div>\n\t\t\t\t<\/div>\n\t\t\t\t\t<\/div>\n\t\t\t\t<\/div>\n\t\t\t\t<section class=\"elementor-section elementor-top-section elementor-element elementor-element-5c034ffb elementor-section-height-min-height elementor-section-boxed elementor-section-height-default elementor-section-items-middle exad-glass-effect-no exad-sticky-section-no\" data-id=\"5c034ffb\" data-element_type=\"section\" data-settings=\"{&quot;background_background&quot;:&quot;classic&quot;}\">\n\t\t\t\t\t\t\t<div class=\"elementor-background-overlay\"><\/div>\n\t\t\t\t\t\t\t<div class=\"elementor-container elementor-column-gap-default\">\n\t\t\t\t\t<div class=\"elementor-column elementor-col-100 elementor-top-column elementor-element elementor-element-7b677ec1 exad-glass-effect-no exad-sticky-section-no\" data-id=\"7b677ec1\" data-element_type=\"column\">\n\t\t\t<div class=\"elementor-widget-wrap elementor-element-populated\">\n\t\t\t\t\t\t<div class=\"elementor-element elementor-element-43f0411e exad-sticky-section-no exad-glass-effect-no elementor-widget elementor-widget-heading\" data-id=\"43f0411e\" data-element_type=\"widget\" data-widget_type=\"heading.default\">\n\t\t\t\t<div class=\"elementor-widget-container\">\n\t\t\t\t\t<h1 class=\"elementor-heading-title elementor-size-default\">R\u00c9SERVEZ VOTRE \u00c9VALUATION INITIALE AUJOURD'HUI<\/h1>\t\t\t\t<\/div>\n\t\t\t\t<\/div>\n\t\t\t\t<div class=\"elementor-element elementor-element-6d42ef8e exad-sticky-section-no exad-glass-effect-no elementor-widget elementor-widget-text-editor\" data-id=\"6d42ef8e\" data-element_type=\"widget\" data-widget_type=\"text-editor.default\">\n\t\t\t\t<div class=\"elementor-widget-container\">\n\t\t\t\t\t\t\t\t\t<p>Proc\u00e9dez \u00e0 l'\u00e9tape suivante et faites de la sant\u00e9 de votre enfant une priorit\u00e9 !<\/p>\t\t\t\t\t\t\t\t<\/div>\n\t\t\t\t<\/div>\n\t\t\t\t<div class=\"elementor-element elementor-element-6973dccb exad-sticky-section-no exad-glass-effect-no elementor-widget elementor-widget-eael-creative-button\" data-id=\"6973dccb\" data-element_type=\"widget\" data-widget_type=\"eael-creative-button.default\">\n\t\t\t\t<div class=\"elementor-widget-container\">\n\t\t\t\t\t        <div class=\"eael-creative-button-wrapper\">\n\n            <a class=\"eael-creative-button eael-creative-button--rayen\" href=\"https:\/\/www.kidsphysio.ca\/fr\/locations\/\" data-text=\"LET&#039;S GO\">\n\n\t    \n                <div class=\"creative-button-inner\">\n\n                    \n                    <span class=\"cretive-button-text\">RENDEZ-VOUS<\/span>\n\n                                    <\/div>\n\t                        <\/a>\n        <\/div>\n        \t\t\t\t<\/div>\n\t\t\t\t<\/div>\n\t\t\t\t\t<\/div>\n\t\t<\/div>\n\t\t\t\t\t<\/div>\n\t\t<\/section>\n\t\t\t\t<\/div>","protected":false},"excerpt":{"rendered":"<p>Scoliosis Scoliosis refers to a curvature of the spine that measures greater than 10 degrees. There are three different categories of scoliosis: Congenital: refers to a spinal abnormality caused by abnormally formed vertebrae. Syndromic: refers to a spinal curvature associated with another condition that affects the neurological system, skeletal system, connective tissue within the body, [&hellip;]<\/p>","protected":false},"author":8,"featured_media":0,"parent":0,"menu_order":0,"comment_status":"closed","ping_status":"closed","template":"","meta":{"_acf_changed":false,"footnotes":""},"location_province":[],"class_list":["post-18360","page","type-page","status-publish","hentry"],"acf":[],"_links":{"self":[{"href":"https:\/\/www.kidsphysio.ca\/fr\/wp-json\/wp\/v2\/pages\/18360","targetHints":{"allow":["GET"]}}],"collection":[{"href":"https:\/\/www.kidsphysio.ca\/fr\/wp-json\/wp\/v2\/pages"}],"about":[{"href":"https:\/\/www.kidsphysio.ca\/fr\/wp-json\/wp\/v2\/types\/page"}],"author":[{"embeddable":true,"href":"https:\/\/www.kidsphysio.ca\/fr\/wp-json\/wp\/v2\/users\/8"}],"replies":[{"embeddable":true,"href":"https:\/\/www.kidsphysio.ca\/fr\/wp-json\/wp\/v2\/comments?post=18360"}],"version-history":[{"count":0,"href":"https:\/\/www.kidsphysio.ca\/fr\/wp-json\/wp\/v2\/pages\/18360\/revisions"}],"wp:attachment":[{"href":"https:\/\/www.kidsphysio.ca\/fr\/wp-json\/wp\/v2\/media?parent=18360"}],"wp:term":[{"taxonomy":"location_province","embeddable":true,"href":"https:\/\/www.kidsphysio.ca\/fr\/wp-json\/wp\/v2\/location_province?post=18360"}],"curies":[{"name":"wp","href":"https:\/\/api.w.org\/{rel}","templated":true}]}}