{"id":18320,"date":"2024-11-05T07:18:03","date_gmt":"2024-11-05T15:18:03","guid":{"rendered":"https:\/\/www.kidsphysio.ca\/?page_id=18320"},"modified":"2024-12-30T11:19:33","modified_gmt":"2024-12-30T19:19:33","slug":"muscular-dystrophy","status":"publish","type":"page","link":"https:\/\/www.kidsphysio.ca\/fr\/muscular-dystrophy\/","title":{"rendered":"Dystrophie Musculaire"},"content":{"rendered":"<div data-elementor-type=\"wp-page\" data-elementor-id=\"18320\" class=\"elementor elementor-18320\" data-elementor-post-type=\"page\">\n\t\t\t\t<div class=\"elementor-element elementor-element-50da73f3 e-flex e-con-boxed e-con e-parent\" data-id=\"50da73f3\" data-element_type=\"container\" data-settings=\"{&quot;background_background&quot;:&quot;classic&quot;}\">\n\t\t\t\t\t<div class=\"e-con-inner\">\n\t\t<div class=\"elementor-element elementor-element-3f473f31 e-con-full e-flex e-con e-child\" data-id=\"3f473f31\" data-element_type=\"container\">\n\t\t\t\t<div class=\"elementor-element elementor-element-c5f3cd3 exad-sticky-section-no exad-glass-effect-no elementor-widget elementor-widget-heading\" data-id=\"c5f3cd3\" data-element_type=\"widget\" data-widget_type=\"heading.default\">\n\t\t\t\t<div class=\"elementor-widget-container\">\n\t\t\t\t\t<h1 class=\"elementor-heading-title elementor-size-default\">Dystrophie Musculaire<\/h1>\t\t\t\t<\/div>\n\t\t\t\t<\/div>\n\t\t\t\t<\/div>\n\t\t<div class=\"elementor-element elementor-element-4b5bb986 elementor-hidden-mobile e-con-full elementor-hidden-tablet e-flex e-con e-child\" data-id=\"4b5bb986\" data-element_type=\"container\">\n\t\t\t\t<div class=\"elementor-element elementor-element-2ce79741 animated-slow exad-sticky-section-no exad-glass-effect-no elementor-invisible elementor-widget elementor-widget-image\" data-id=\"2ce79741\" data-element_type=\"widget\" data-settings=\"{&quot;_animation&quot;:&quot;fadeIn&quot;}\" data-widget_type=\"image.default\">\n\t\t\t\t<div class=\"elementor-widget-container\">\n\t\t\t\t\t\t\t\t\t\t\t\t\t\t\t<img fetchpriority=\"high\" decoding=\"async\" width=\"640\" height=\"694\" src=\"https:\/\/www.kidsphysio.ca\/wp-content\/uploads\/2022\/05\/KPG_JumpingKid_WHITE-944x1024.png\" class=\"attachment-large size-large wp-image-6015\" alt=\"\" srcset=\"https:\/\/www.kidsphysio.ca\/wp-content\/uploads\/2022\/05\/KPG_JumpingKid_WHITE-944x1024.png 944w, https:\/\/www.kidsphysio.ca\/wp-content\/uploads\/2022\/05\/KPG_JumpingKid_WHITE-277x300.png 277w, https:\/\/www.kidsphysio.ca\/wp-content\/uploads\/2022\/05\/KPG_JumpingKid_WHITE-768x833.png 768w, https:\/\/www.kidsphysio.ca\/wp-content\/uploads\/2022\/05\/KPG_JumpingKid_WHITE-11x12.png 11w, https:\/\/www.kidsphysio.ca\/wp-content\/uploads\/2022\/05\/KPG_JumpingKid_WHITE.png 1358w\" sizes=\"(max-width: 640px) 100vw, 640px\" title=\"\">\t\t\t\t\t\t\t\t\t\t\t\t\t\t\t<\/div>\n\t\t\t\t<\/div>\n\t\t\t\t<\/div>\n\t\t\t\t\t<\/div>\n\t\t\t\t<\/div>\n\t\t<div class=\"elementor-element elementor-element-6c4cd4c6 e-flex e-con-boxed e-con e-parent\" data-id=\"6c4cd4c6\" data-element_type=\"container\">\n\t\t\t\t\t<div class=\"e-con-inner\">\n\t\t\t\t<div class=\"elementor-element elementor-element-45c2dddb exad-sticky-section-no exad-glass-effect-no elementor-widget elementor-widget-text-editor\" data-id=\"45c2dddb\" data-element_type=\"widget\" data-widget_type=\"text-editor.default\">\n\t\t\t\t<div class=\"elementor-widget-container\">\n\t\t\t\t\t\t\t\t\t<p><span style=\"font-weight: 400;\">Les dystrophies musculaires sont un groupe de troubles divers qui affectent les muscles de tout le corps. Dans la plupart des formes de dystrophie musculaire, le corps est incapable de produire une prot\u00e9ine sp\u00e9cifique dans les muscles, ce qui les affaiblit. Les dystrophies musculaires sont progressives, ce qui signifie que les muscles s'affaiblissent avec le temps.<\/span><\/p><h3><b>Types de Dystrophie Musculaire<\/b><\/h3><ul><li style=\"font-weight: 400;\" aria-level=\"1\"><span style=\"font-weight: 400;\">Dystrophie musculaire de Duchenne<\/span><\/li><li style=\"font-weight: 400;\" aria-level=\"1\"><span style=\"font-weight: 400;\">Dystrophie musculaire de Becker<\/span><\/li><li style=\"font-weight: 400;\" aria-level=\"1\"><span style=\"font-weight: 400;\">Dystrophie musculaire facioscapulohum\u00e9rale<\/span><\/li><li style=\"font-weight: 400;\" aria-level=\"1\"><span style=\"font-weight: 400;\">Dystrophie myotonique<\/span><\/li><\/ul><h3><b>Comment la physioth\u00e9rapie peut aider<\/b><\/h3><p><span style=\"font-weight: 400;\">Le r\u00f4le du physioth\u00e9rapeute au sein de l\u2019\u00e9quipe soignante d\u2019un enfant est d\u2019optimiser le fonctionnement de ses muscles et de ses articulations. Vous trouverez ci-dessous les fa\u00e7ons dont la physioth\u00e9rapie peut aider un enfant atteint de dystrophie musculaire:<\/span><\/p><h3><b>Maximiser le mouvement<\/b><\/h3><p><span style=\"font-weight: 400;\">La dystrophie musculaire provoque une faiblesse musculaire progressive. Les diff\u00e9rents types de dystrophies musculaires pr\u00e9sentent des sch\u00e9mas de faiblesse et des vitesses de progression variables. La faiblesse musculaire peut rendre les mouvements difficiles et provoquer de la fatigue. Les physioth\u00e9rapeutes peuvent aider les enfants \u00e0 surmonter les d\u00e9fis associ\u00e9s \u00e0 la faiblesse en\u00a0:<\/span><\/p><ul><li style=\"font-weight: 400;\" aria-level=\"1\"><span style=\"font-weight: 400;\">Renforcer les muscles pour prolonger la marche et d\u2019autres mouvements<\/span><\/li><li style=\"font-weight: 400;\" aria-level=\"1\"><span style=\"font-weight: 400;\">Encourager des sch\u00e9mas de mouvement appropri\u00e9s<\/span><\/li><li style=\"font-weight: 400;\" aria-level=\"1\"><span style=\"font-weight: 400;\">Strat\u00e9gies p\u00e9dagogiques pour pr\u00e9venir la fatigue et \u00e9conomiser de l\u2019\u00e9nergie<\/span><\/li><\/ul><h3><b>G\u00e9rer les contractures<\/b><\/h3><p><span style=\"font-weight: 400;\">Les muscles sains se raccourcissent et s\u2019allongent normalement pour d\u00e9placer une articulation et effectuer un mouvement. Dans la dystrophie musculaire, il est courant que les muscles se raccourcissent mais aient du mal \u00e0 s'allonger. Au fil du temps, le muscle affect\u00e9 reste coinc\u00e9 dans la position raccourcie \u2013 c'est ce qu'on appelle une contracture musculaire.<\/span><\/p><p><span style=\"font-weight: 400;\">Les contractures peuvent cr\u00e9er des difficult\u00e9s de mouvement, car les articulations ne sont plus capables de se d\u00e9placer dans toute leur amplitude de mouvement. Les contractures graves peuvent \u00e9galement \u00eatre douloureuses. Les physioth\u00e9rapeutes peuvent aider \u00e0 g\u00e9rer les contractures en\u00a0:<\/span><\/p><ul><li style=\"font-weight: 400;\" aria-level=\"1\"><span style=\"font-weight: 400;\">Enseigner des \u00e9tirements pour cibler des muscles sp\u00e9cifiques<\/span><\/li><li style=\"font-weight: 400;\" aria-level=\"1\"><span style=\"font-weight: 400;\">Concevoir un programme d'\u00e9tirements quotidien<\/span><\/li><li style=\"font-weight: 400;\" aria-level=\"1\"><span style=\"font-weight: 400;\">Surveillance des contractures et des contractures musculaires<\/span><\/li><\/ul><h3><b>Exercices musculaires respiratoires<\/b><\/h3><p><span style=\"font-weight: 400;\">Les muscles qui aident \u00e0 la respiration peuvent \u00eatre affaiblis par la dystrophie musculaire. Les physioth\u00e9rapeutes peuvent aider les enfants atteints de cette maladie en renfor\u00e7ant leurs muscles respiratoires pour aider \u00e0 prolonger la fonction pulmonaire. Ils peuvent am\u00e9liorer la respiration des enfants en\u00a0:<\/span><\/p><ul><li style=\"font-weight: 400;\" aria-level=\"1\"><span style=\"font-weight: 400;\">Analyser le rythme respiratoire<\/span><\/li><li style=\"font-weight: 400;\" aria-level=\"1\"><span style=\"font-weight: 400;\">Enseigner des moyens de renforcer les muscles respiratoires<\/span><\/li><li style=\"font-weight: 400;\" aria-level=\"1\"><span style=\"font-weight: 400;\">Enseigner des fa\u00e7ons de respirer dans diff\u00e9rentes zones des poumons<\/span><\/li><\/ul>\t\t\t\t\t\t\t\t<\/div>\n\t\t\t\t<\/div>\n\t\t\t\t\t<\/div>\n\t\t\t\t<\/div>\n\t\t\t\t<section class=\"elementor-section elementor-top-section elementor-element elementor-element-195eb261 elementor-section-height-min-height elementor-section-boxed elementor-section-height-default elementor-section-items-middle exad-glass-effect-no exad-sticky-section-no\" data-id=\"195eb261\" data-element_type=\"section\" data-settings=\"{&quot;background_background&quot;:&quot;classic&quot;}\">\n\t\t\t\t\t\t\t<div class=\"elementor-background-overlay\"><\/div>\n\t\t\t\t\t\t\t<div class=\"elementor-container elementor-column-gap-default\">\n\t\t\t\t\t<div class=\"elementor-column elementor-col-100 elementor-top-column elementor-element elementor-element-1856c82b exad-glass-effect-no exad-sticky-section-no\" data-id=\"1856c82b\" data-element_type=\"column\">\n\t\t\t<div class=\"elementor-widget-wrap elementor-element-populated\">\n\t\t\t\t\t\t<div class=\"elementor-element elementor-element-253b4de1 exad-sticky-section-no exad-glass-effect-no elementor-widget elementor-widget-heading\" data-id=\"253b4de1\" data-element_type=\"widget\" data-widget_type=\"heading.default\">\n\t\t\t\t<div class=\"elementor-widget-container\">\n\t\t\t\t\t<h1 class=\"elementor-heading-title elementor-size-default\">R\u00c9SERVEZ VOTRE \u00c9VALUATION INITIALE AUJOURD'HUI<\/h1>\t\t\t\t<\/div>\n\t\t\t\t<\/div>\n\t\t\t\t<div class=\"elementor-element elementor-element-2b03b921 exad-sticky-section-no exad-glass-effect-no elementor-widget elementor-widget-text-editor\" data-id=\"2b03b921\" data-element_type=\"widget\" data-widget_type=\"text-editor.default\">\n\t\t\t\t<div class=\"elementor-widget-container\">\n\t\t\t\t\t\t\t\t\t<p>Proc\u00e9dez \u00e0 l'\u00e9tape suivante et faites de la sant\u00e9 de votre enfant une priorit\u00e9 !<\/p>\t\t\t\t\t\t\t\t<\/div>\n\t\t\t\t<\/div>\n\t\t\t\t<div class=\"elementor-element elementor-element-64ed4bf2 exad-sticky-section-no exad-glass-effect-no elementor-widget elementor-widget-eael-creative-button\" data-id=\"64ed4bf2\" data-element_type=\"widget\" data-widget_type=\"eael-creative-button.default\">\n\t\t\t\t<div class=\"elementor-widget-container\">\n\t\t\t\t\t        <div class=\"eael-creative-button-wrapper\">\n\n            <a class=\"eael-creative-button eael-creative-button--rayen\" href=\"https:\/\/www.kidsphysio.ca\/fr\/locations\/\" data-text=\"LET&#039;S GO\">\n\n\t    \n                <div class=\"creative-button-inner\">\n\n                    \n                    <span class=\"cretive-button-text\">RENDEZ-VOUS<\/span>\n\n                                    <\/div>\n\t                        <\/a>\n        <\/div>\n        \t\t\t\t<\/div>\n\t\t\t\t<\/div>\n\t\t\t\t\t<\/div>\n\t\t<\/div>\n\t\t\t\t\t<\/div>\n\t\t<\/section>\n\t\t\t\t<\/div>","protected":false},"excerpt":{"rendered":"<p>Muscular Dystrophy Muscular dystrophies are a group of various disorders that affect muscles throughout the body. In most forms of muscular dystrophy, the body is unable to produce a specific protein in the muscles, causing them to become weak. Muscular dystrophies are progressive, meaning that muscles get weaker over time. Types of Muscular Dystrophy Duchenne [&hellip;]<\/p>","protected":false},"author":8,"featured_media":0,"parent":0,"menu_order":0,"comment_status":"closed","ping_status":"closed","template":"","meta":{"_acf_changed":false,"footnotes":""},"location_province":[],"class_list":["post-18320","page","type-page","status-publish","hentry"],"acf":[],"_links":{"self":[{"href":"https:\/\/www.kidsphysio.ca\/fr\/wp-json\/wp\/v2\/pages\/18320","targetHints":{"allow":["GET"]}}],"collection":[{"href":"https:\/\/www.kidsphysio.ca\/fr\/wp-json\/wp\/v2\/pages"}],"about":[{"href":"https:\/\/www.kidsphysio.ca\/fr\/wp-json\/wp\/v2\/types\/page"}],"author":[{"embeddable":true,"href":"https:\/\/www.kidsphysio.ca\/fr\/wp-json\/wp\/v2\/users\/8"}],"replies":[{"embeddable":true,"href":"https:\/\/www.kidsphysio.ca\/fr\/wp-json\/wp\/v2\/comments?post=18320"}],"version-history":[{"count":0,"href":"https:\/\/www.kidsphysio.ca\/fr\/wp-json\/wp\/v2\/pages\/18320\/revisions"}],"wp:attachment":[{"href":"https:\/\/www.kidsphysio.ca\/fr\/wp-json\/wp\/v2\/media?parent=18320"}],"wp:term":[{"taxonomy":"location_province","embeddable":true,"href":"https:\/\/www.kidsphysio.ca\/fr\/wp-json\/wp\/v2\/location_province?post=18320"}],"curies":[{"name":"wp","href":"https:\/\/api.w.org\/{rel}","templated":true}]}}