{"id":18312,"date":"2024-11-05T07:15:48","date_gmt":"2024-11-05T15:15:48","guid":{"rendered":"https:\/\/www.kidsphysio.ca\/?page_id=18312"},"modified":"2025-03-04T06:36:35","modified_gmt":"2025-03-04T14:36:35","slug":"legg-calve-perthes-disease","status":"publish","type":"page","link":"https:\/\/www.kidsphysio.ca\/fr\/legg-calve-perthes-disease\/","title":{"rendered":"Maladie de Perthes (ou Legg-Calve-Perthes)"},"content":{"rendered":"<div data-elementor-type=\"wp-page\" data-elementor-id=\"18312\" class=\"elementor elementor-18312\" data-elementor-post-type=\"page\">\n\t\t\t\t<div class=\"elementor-element elementor-element-d31e719 e-flex e-con-boxed e-con e-parent\" data-id=\"d31e719\" data-element_type=\"container\" data-settings=\"{&quot;background_background&quot;:&quot;classic&quot;}\">\n\t\t\t\t\t<div class=\"e-con-inner\">\n\t\t<div class=\"elementor-element elementor-element-36146bdc e-con-full e-flex e-con e-child\" data-id=\"36146bdc\" data-element_type=\"container\">\n\t\t\t\t<div class=\"elementor-element elementor-element-2dd32e7 exad-sticky-section-no exad-glass-effect-no elementor-widget elementor-widget-heading\" data-id=\"2dd32e7\" data-element_type=\"widget\" data-widget_type=\"heading.default\">\n\t\t\t\t<div class=\"elementor-widget-container\">\n\t\t\t\t\t<h1 class=\"elementor-heading-title elementor-size-default\">Maladie de Perthes (ou Legg-Calve-Perthes)<\/h1>\t\t\t\t<\/div>\n\t\t\t\t<\/div>\n\t\t\t\t<\/div>\n\t\t<div class=\"elementor-element elementor-element-41ab8a2 elementor-hidden-mobile e-con-full elementor-hidden-tablet e-flex e-con e-child\" data-id=\"41ab8a2\" data-element_type=\"container\">\n\t\t\t\t<div class=\"elementor-element elementor-element-1d0c183d animated-slow exad-sticky-section-no exad-glass-effect-no elementor-invisible elementor-widget elementor-widget-image\" data-id=\"1d0c183d\" data-element_type=\"widget\" data-settings=\"{&quot;_animation&quot;:&quot;fadeIn&quot;}\" data-widget_type=\"image.default\">\n\t\t\t\t<div class=\"elementor-widget-container\">\n\t\t\t\t\t\t\t\t\t\t\t\t\t\t\t<img fetchpriority=\"high\" decoding=\"async\" width=\"640\" height=\"694\" src=\"https:\/\/www.kidsphysio.ca\/wp-content\/uploads\/2022\/05\/KPG_JumpingKid_WHITE-944x1024.png\" class=\"attachment-large size-large wp-image-6015\" alt=\"\" srcset=\"https:\/\/www.kidsphysio.ca\/wp-content\/uploads\/2022\/05\/KPG_JumpingKid_WHITE-944x1024.png 944w, https:\/\/www.kidsphysio.ca\/wp-content\/uploads\/2022\/05\/KPG_JumpingKid_WHITE-277x300.png 277w, https:\/\/www.kidsphysio.ca\/wp-content\/uploads\/2022\/05\/KPG_JumpingKid_WHITE-768x833.png 768w, https:\/\/www.kidsphysio.ca\/wp-content\/uploads\/2022\/05\/KPG_JumpingKid_WHITE-11x12.png 11w, https:\/\/www.kidsphysio.ca\/wp-content\/uploads\/2022\/05\/KPG_JumpingKid_WHITE.png 1358w\" sizes=\"(max-width: 640px) 100vw, 640px\" title=\"\">\t\t\t\t\t\t\t\t\t\t\t\t\t\t\t<\/div>\n\t\t\t\t<\/div>\n\t\t\t\t<\/div>\n\t\t\t\t\t<\/div>\n\t\t\t\t<\/div>\n\t\t<div class=\"elementor-element elementor-element-5cb909ba e-flex e-con-boxed e-con e-parent\" data-id=\"5cb909ba\" data-element_type=\"container\">\n\t\t\t\t\t<div class=\"e-con-inner\">\n\t\t\t\t<div class=\"elementor-element elementor-element-15bf23ee exad-sticky-section-no exad-glass-effect-no elementor-widget elementor-widget-text-editor\" data-id=\"15bf23ee\" data-element_type=\"widget\" data-widget_type=\"text-editor.default\">\n\t\t\t\t<div class=\"elementor-widget-container\">\n\t\t\t\t\t\t\t\t\t<p><span style=\"font-weight: 400;\">La maladie de Legg-Calv\u00e9-Perthes (LCPD) est une maladie de la hanche infantile sans cause connue. La LCPD se caract\u00e9rise par une r\u00e9duction du flux sanguin vers une partie sup\u00e9rieure en croissance de l'os de la cuisse (t\u00eate f\u00e9morale), ce qui peut entra\u00eener des dommages \u00e0 la t\u00eate f\u00e9morale qui constitue une partie de l'articulation de la hanche.\u00a0<\/span><\/p><h3><b>Signes et sympt\u00f4mes<\/b><\/h3><p><span style=\"font-weight: 400;\">Legg-Calv\u00e9-Perthes Disease can affect a large age range of children, however, it most commonly affects boys aged 5-8. The male-to-female ratio is 5:1, putting boys at a significantly increased risk of developing this condition.\u00a0<\/span><\/p><p><span style=\"font-weight: 400;\">Les signes et sympt\u00f4mes comprennent:<\/span><\/p><ul><li style=\"font-weight: 400;\" aria-level=\"1\"><span style=\"font-weight: 400;\">Une d\u00e9marche boiteuse qui commence sans raison apparente<\/span><\/li><li style=\"font-weight: 400;\" aria-level=\"1\"><span style=\"font-weight: 400;\">Croissance osseuse retard\u00e9e et apparence plus jeune que leurs camarades de classe<\/span><\/li><li style=\"font-weight: 400;\" aria-level=\"1\"><span style=\"font-weight: 400;\">Diminution de l'amplitude de mouvement au niveau de la hanche<\/span><\/li><li style=\"font-weight: 400;\" aria-level=\"1\"><span style=\"font-weight: 400;\">L\u00e9g\u00e8re douleur ou raideur \u00e0 la hanche, \u00e0 l'aine, \u00e0 la cuisse ou au genou<\/span><\/li><\/ul><h3><b>Crit\u00e8res de diagnostic<\/b><\/h3><p><span style=\"font-weight: 400;\">A diagnosis of exclusion is used to diagnose individuals with Legg-Calv\u00e9-Perthes Disease \u2014 this means that a doctor will rule out other possible causes for the child\u2019s presentation before diagnosing them with LCPD.<\/span><\/p><p><span style=\"font-weight: 400;\">These are some common tests to rule in Legg-Calv\u00e9-Perthes Disease.<\/span><\/p><ul><li><span style=\"font-weight: 400;\"><strong> Physical examination:<\/strong> on physical examination, your doctor will assess the child\u2019s range of motion in the hip, as the condition limits the child\u2019s leg to move away from the body (abduction) and rotate the leg towards the inside of the body (internal rotation).<\/span><\/li><li><span style=\"font-weight: 400;\"><strong> X-ray of the hip and pelvis:<\/strong> an x-ray is required to confirm the diagnosis of LCPD, as these scans can show the condition of the bone being affected in the upper thigh.<\/span><\/li><\/ul><h3><b>Comment la physioth\u00e9rapie peut aider<\/b><\/h3><p><span style=\"font-weight: 400;\">Your child\u2019s healthcare team, including their physiotherapist, may use various treatment strategies depending on the age of your child, the degree of damage to the upper thigh bone, and the stage of the disease at the time of diagnosis. The goal of treatment for Legg-Calv\u00e9-Perthes Disease is to relieve symptoms, protect the integrity of the upper thigh bone, and restore the range of motion in the hip. This can be achieved by different treatments, and the appropriate treatment is determined by the presentation of the child at the time of diagnosis. Treatments include:\u00a0<\/span><\/p><p><strong>Traitement conservateur :\u00a0<\/strong>This includes bracing to contain the upper thigh bone and secure the hip socket to allow for healing and repair of the bone. It also includes activity modification and physiotherapy to strengthen the hip muscles and improve the joint&#8217;s range of motion.\u00a0<\/p><p><span style=\"font-weight: 400;\"><strong>Surgical treatment:<\/strong> If conservative management is not successful or your healthcare team believes a surgical approach is best suited for your child, a femoral osteotomy may be chosen. This procedure restores the alignment of the top of the thigh bone into the hip joint socket, which is secured with hardware.<\/span><\/p>\t\t\t\t\t\t\t\t<\/div>\n\t\t\t\t<\/div>\n\t\t\t\t\t<\/div>\n\t\t\t\t<\/div>\n\t\t\t\t<section class=\"elementor-section elementor-top-section elementor-element elementor-element-4941ab07 elementor-section-height-min-height elementor-section-boxed elementor-section-height-default elementor-section-items-middle exad-glass-effect-no exad-sticky-section-no\" data-id=\"4941ab07\" data-element_type=\"section\" data-settings=\"{&quot;background_background&quot;:&quot;classic&quot;}\">\n\t\t\t\t\t\t\t<div class=\"elementor-background-overlay\"><\/div>\n\t\t\t\t\t\t\t<div class=\"elementor-container elementor-column-gap-default\">\n\t\t\t\t\t<div class=\"elementor-column elementor-col-100 elementor-top-column elementor-element elementor-element-4d104bb2 exad-glass-effect-no exad-sticky-section-no\" data-id=\"4d104bb2\" data-element_type=\"column\">\n\t\t\t<div class=\"elementor-widget-wrap elementor-element-populated\">\n\t\t\t\t\t\t<div class=\"elementor-element elementor-element-1715612a exad-sticky-section-no exad-glass-effect-no elementor-widget elementor-widget-heading\" data-id=\"1715612a\" data-element_type=\"widget\" data-widget_type=\"heading.default\">\n\t\t\t\t<div class=\"elementor-widget-container\">\n\t\t\t\t\t<h1 class=\"elementor-heading-title elementor-size-default\">R\u00c9SERVEZ VOTRE \u00c9VALUATION INITIALE AUJOURD'HUI<\/h1>\t\t\t\t<\/div>\n\t\t\t\t<\/div>\n\t\t\t\t<div class=\"elementor-element elementor-element-6283dfde exad-sticky-section-no exad-glass-effect-no elementor-widget elementor-widget-text-editor\" data-id=\"6283dfde\" data-element_type=\"widget\" data-widget_type=\"text-editor.default\">\n\t\t\t\t<div class=\"elementor-widget-container\">\n\t\t\t\t\t\t\t\t\t<p>Proc\u00e9dez \u00e0 l'\u00e9tape suivante et faites de la sant\u00e9 de votre enfant une priorit\u00e9 !<\/p>\t\t\t\t\t\t\t\t<\/div>\n\t\t\t\t<\/div>\n\t\t\t\t<div class=\"elementor-element elementor-element-2fd16050 exad-sticky-section-no exad-glass-effect-no elementor-widget elementor-widget-eael-creative-button\" data-id=\"2fd16050\" data-element_type=\"widget\" data-widget_type=\"eael-creative-button.default\">\n\t\t\t\t<div class=\"elementor-widget-container\">\n\t\t\t\t\t        <div class=\"eael-creative-button-wrapper\">\n\n            <a class=\"eael-creative-button eael-creative-button--rayen\" href=\"https:\/\/www.kidsphysio.ca\/fr\/locations\/\" data-text=\"LET&#039;S GO\">\n\n\t    \n                <div class=\"creative-button-inner\">\n\n                    \n                    <span class=\"cretive-button-text\">RENDEZ-VOUS<\/span>\n\n                                    <\/div>\n\t                        <\/a>\n        <\/div>\n        \t\t\t\t<\/div>\n\t\t\t\t<\/div>\n\t\t\t\t\t<\/div>\n\t\t<\/div>\n\t\t\t\t\t<\/div>\n\t\t<\/section>\n\t\t\t\t<\/div>","protected":false},"excerpt":{"rendered":"<p>Legg-Calve-Perthes Disease Legg-Calv\u00e9-Perthes Disease (LCPD) is a childhood hip condition that has no known cause. LCPD is characterized by reduced blood flow to a growing upper part of the thigh bone (femoral head) which can lead to damage to the femoral head which makes up part of the hip joint.\u00a0 Signs and Symptoms Legg-Calv\u00e9-Perthes Disease [&hellip;]<\/p>","protected":false},"author":8,"featured_media":0,"parent":0,"menu_order":0,"comment_status":"closed","ping_status":"closed","template":"","meta":{"_acf_changed":false,"footnotes":""},"location_province":[],"class_list":["post-18312","page","type-page","status-publish","hentry"],"acf":[],"_links":{"self":[{"href":"https:\/\/www.kidsphysio.ca\/fr\/wp-json\/wp\/v2\/pages\/18312","targetHints":{"allow":["GET"]}}],"collection":[{"href":"https:\/\/www.kidsphysio.ca\/fr\/wp-json\/wp\/v2\/pages"}],"about":[{"href":"https:\/\/www.kidsphysio.ca\/fr\/wp-json\/wp\/v2\/types\/page"}],"author":[{"embeddable":true,"href":"https:\/\/www.kidsphysio.ca\/fr\/wp-json\/wp\/v2\/users\/8"}],"replies":[{"embeddable":true,"href":"https:\/\/www.kidsphysio.ca\/fr\/wp-json\/wp\/v2\/comments?post=18312"}],"version-history":[{"count":0,"href":"https:\/\/www.kidsphysio.ca\/fr\/wp-json\/wp\/v2\/pages\/18312\/revisions"}],"wp:attachment":[{"href":"https:\/\/www.kidsphysio.ca\/fr\/wp-json\/wp\/v2\/media?parent=18312"}],"wp:term":[{"taxonomy":"location_province","embeddable":true,"href":"https:\/\/www.kidsphysio.ca\/fr\/wp-json\/wp\/v2\/location_province?post=18312"}],"curies":[{"name":"wp","href":"https:\/\/api.w.org\/{rel}","templated":true}]}}