{"id":18177,"date":"2024-11-05T06:09:58","date_gmt":"2024-11-05T14:09:58","guid":{"rendered":"https:\/\/www.kidsphysio.ca\/?page_id=18177"},"modified":"2025-05-05T23:31:42","modified_gmt":"2025-05-06T06:31:42","slug":"pediatric-conditions","status":"publish","type":"page","link":"https:\/\/www.kidsphysio.ca\/fr\/education\/pediatric-conditions\/","title":{"rendered":"Conditions P\u00e9diatriques"},"content":{"rendered":"<div data-elementor-type=\"wp-page\" data-elementor-id=\"18177\" class=\"elementor elementor-18177\" data-elementor-post-type=\"page\">\n\t\t\t\t<div class=\"elementor-element elementor-element-2b2d9b2e e-flex e-con-boxed e-con e-parent\" data-id=\"2b2d9b2e\" data-element_type=\"container\" data-settings=\"{&quot;background_background&quot;:&quot;classic&quot;}\">\n\t\t\t\t\t<div class=\"e-con-inner\">\n\t\t<div class=\"elementor-element elementor-element-30bdf99e e-con-full e-flex e-con e-child\" data-id=\"30bdf99e\" data-element_type=\"container\">\n\t\t\t\t<div class=\"elementor-element elementor-element-3fa74fed animated-slow premium-header-inline premium-lq__none premium-box-lq__none exad-sticky-section-no exad-glass-effect-no elementor-invisible elementor-widget elementor-widget-premium-addon-dual-header\" data-id=\"3fa74fed\" data-element_type=\"widget\" data-settings=\"{&quot;_animation&quot;:&quot;fadeIn&quot;}\" data-widget_type=\"premium-addon-dual-header.default\">\n\t\t\t\t<div class=\"elementor-widget-container\">\n\t\t\t\t\t\n\t\t\t\t\t<h1 class=\"premium-dual-header-first-header\"><span class=\"premium-dual-header-first-span\">Conditions P\u00e9diatriques <\/span><\/h1> \t\t\n\t\t\t\t\t\t<\/div>\n\t\t\t\t<\/div>\n\t\t\t\t<\/div>\n\t\t<div class=\"elementor-element elementor-element-2eb59e23 elementor-hidden-mobile e-con-full elementor-hidden-tablet e-flex e-con e-child\" data-id=\"2eb59e23\" data-element_type=\"container\">\n\t\t\t\t<div class=\"elementor-element elementor-element-4574932e animated-slow exad-sticky-section-no exad-glass-effect-no elementor-invisible elementor-widget elementor-widget-image\" data-id=\"4574932e\" data-element_type=\"widget\" data-settings=\"{&quot;_animation&quot;:&quot;fadeIn&quot;}\" data-widget_type=\"image.default\">\n\t\t\t\t<div class=\"elementor-widget-container\">\n\t\t\t\t\t\t\t\t\t\t\t\t\t\t\t<img fetchpriority=\"high\" decoding=\"async\" width=\"640\" height=\"694\" src=\"https:\/\/www.kidsphysio.ca\/wp-content\/uploads\/2022\/05\/KPG_JumpingKid_WHITE-944x1024.png\" class=\"attachment-large size-large wp-image-6015\" alt=\"\" srcset=\"https:\/\/www.kidsphysio.ca\/wp-content\/uploads\/2022\/05\/KPG_JumpingKid_WHITE-944x1024.png 944w, https:\/\/www.kidsphysio.ca\/wp-content\/uploads\/2022\/05\/KPG_JumpingKid_WHITE-277x300.png 277w, https:\/\/www.kidsphysio.ca\/wp-content\/uploads\/2022\/05\/KPG_JumpingKid_WHITE-768x833.png 768w, https:\/\/www.kidsphysio.ca\/wp-content\/uploads\/2022\/05\/KPG_JumpingKid_WHITE-11x12.png 11w, https:\/\/www.kidsphysio.ca\/wp-content\/uploads\/2022\/05\/KPG_JumpingKid_WHITE.png 1358w\" sizes=\"(max-width: 640px) 100vw, 640px\" title=\"\">\t\t\t\t\t\t\t\t\t\t\t\t\t\t\t<\/div>\n\t\t\t\t<\/div>\n\t\t\t\t<\/div>\n\t\t\t\t\t<\/div>\n\t\t\t\t<\/div>\n\t\t<div class=\"elementor-element elementor-element-4aae377d e-flex e-con-boxed e-con e-parent\" data-id=\"4aae377d\" data-element_type=\"container\">\n\t\t\t\t\t<div class=\"e-con-inner\">\n\t\t\t\t<div class=\"elementor-element elementor-element-1a03b0d8 exad-sticky-section-no exad-glass-effect-no elementor-widget elementor-widget-text-editor\" data-id=\"1a03b0d8\" data-element_type=\"widget\" data-widget_type=\"text-editor.default\">\n\t\t\t\t<div class=\"elementor-widget-container\">\n\t\t\t\t\t\t\t\t\t<div><p>Cliquez sur l\u2019une des conditions pour en savoir plus et comment la physioth\u00e9rapie peut vous aider!<\/p><\/div>\t\t\t\t\t\t\t\t<\/div>\n\t\t\t\t<\/div>\n\t\t\t\t\t<\/div>\n\t\t\t\t<\/div>\n\t\t<div class=\"elementor-element elementor-element-4d0fbd3 e-grid e-con-boxed e-con e-parent\" data-id=\"4d0fbd3\" data-element_type=\"container\">\n\t\t\t\t\t<div class=\"e-con-inner\">\n\t\t\t\t<div class=\"elementor-element elementor-element-6626092 exad-sticky-section-no exad-glass-effect-no elementor-widget elementor-widget-text-editor\" data-id=\"6626092\" data-element_type=\"widget\" data-widget_type=\"text-editor.default\">\n\t\t\t\t<div class=\"elementor-widget-container\">\n\t\t\t\t\t\t\t\t\t<ul><li><span style=\"text-decoration: underline;\"><a href=\"https:\/\/www.kidsphysio.ca\/fr\/autism-spectrum-disorder\/\">Trouble du Spectre de l'Autisme<\/a><\/span><\/li><li><span style=\"text-decoration: underline;\"><a href=\"https:\/\/www.kidsphysio.ca\/fr\/cerebral-palsy\/\">Paralysie C\u00e9r\u00e9brale<\/a><\/span>\u00a0| <span style=\"text-decoration: underline;\"><a href=\"https:\/\/acrobat.adobe.com\/id\/urn:aaid:sc:VA6C2:cee7e350-a2d1-4e14-8159-5f424e282c87\" target=\"_blank\" rel=\"noopener\">PDF<\/a><\/span><\/li><li><span style=\"text-decoration: underline;\"><a href=\"https:\/\/www.kidsphysio.ca\/fr\/concussion-first-48-hours\/\">Concussions &#8211; First 48 Hours<\/a><\/span> | <span style=\"text-decoration: underline;\"><a href=\"https:\/\/acrobat.adobe.com\/id\/urn:aaid:sc:VA6C2:cbe059a3-39dc-4450-bd7b-0d26a60e02f4\" target=\"_blank\" rel=\"noopener\">PDF<\/a><\/span><\/li><li><a href=\"https:\/\/www.kidsphysio.ca\/fr\/services\/post-concussion-rehabilitation\/\"><span style=\"text-decoration: underline;\">Commotions c\u00e9r\u00e9brales<\/span><\/a> | <span style=\"text-decoration: underline;\"><a href=\"https:\/\/acrobat.adobe.com\/id\/urn:aaid:sc:VA6C2:8e2edc8e-b5b1-4dd8-ab60-ab139c1b9df9\" target=\"_blank\" rel=\"noopener\">PDF<\/a><\/span><\/li><li><span style=\"text-decoration: underline;\"><a href=\"https:\/\/www.kidsphysio.ca\/fr\/developmental-coordination-disorder\/\">Trouble d\u00e9veloppemental de la coordination (TDC)<\/a><\/span> | <span style=\"text-decoration: underline;\"><a href=\"https:\/\/acrobat.adobe.com\/id\/urn:aaid:sc:VA6C2:b9b9862c-b0c5-412c-90b4-3433e05b3b1d\" target=\"_blank\" rel=\"noopener\">PDF<\/a><\/span><\/li><li><span style=\"text-decoration: underline;\"><a href=\"https:\/\/www.kidsphysio.ca\/fr\/foot-pain-and-arch-development\/\">Douleurs aux pieds &amp; D\u00e9veloppement de la vo\u00fbte plantaire<\/a><\/span> | <span style=\"text-decoration: underline;\"><a href=\"https:\/\/acrobat.adobe.com\/id\/urn:aaid:sc:VA6C2:362ef408-945a-46e9-bf3e-1f75fe2fa321\" target=\"_blank\" rel=\"noopener\">PDF<\/a><\/span><\/li><li><span style=\"text-decoration: underline;\"><a href=\"https:\/\/www.kidsphysio.ca\/fr\/global-developmental-delay\/\">Retard Global du D\u00e9veloppement<\/a><\/span> | <span style=\"text-decoration: underline;\"><a href=\"https:\/\/acrobat.adobe.com\/id\/urn:aaid:sc:VA6C2:a2db58bf-5491-47ae-ab3b-8698bd79610f\" target=\"_blank\" rel=\"noopener\">PDF<\/a><\/span><\/li><li><span style=\"text-decoration: underline;\"><a href=\"https:\/\/www.kidsphysio.ca\/fr\/growing-pains\/\">Douleurs de Croissance <\/a><\/span>| <span style=\"text-decoration: underline;\"><a href=\"https:\/\/acrobat.adobe.com\/id\/urn:aaid:sc:VA6C2:13a05b32-c632-4c6d-8683-f67b1581ba6f\" target=\"_blank\" rel=\"noopener\">PDF<\/a><\/span><\/li><li><span style=\"text-decoration: underline;\"><a href=\"https:\/\/www.kidsphysio.ca\/fr\/idiopathic-toe-walking\/\">Marche idiopathique sur les orteils<\/a><\/span><\/li><li><span style=\"text-decoration: underline;\"><a href=\"https:\/\/www.kidsphysio.ca\/fr\/in-toeing\/\">L'entr\u00e9e des pieds<\/a><\/span> | <span style=\"text-decoration: underline;\"><a href=\"https:\/\/acrobat.adobe.com\/id\/urn:aaid:sc:VA6C2:195616bb-8e67-406c-b96c-419c8c2fc8de\" target=\"_blank\" rel=\"noopener\">PDF<\/a><\/span><\/li><li><span style=\"text-decoration: underline;\"><a href=\"https:\/\/www.kidsphysio.ca\/fr\/juvenile-idiopathic-arthritis\/\">Arthrite Juv\u00e9nile Idiopathique<\/a><\/span> | <span style=\"text-decoration: underline;\"><a href=\"https:\/\/acrobat.adobe.com\/id\/urn:aaid:sc:VA6C2:da5bd5de-bade-47d0-8a06-788f8fc5e198\" target=\"_blank\" rel=\"noopener\">PDF<\/a><\/span><\/li><li><span style=\"text-decoration: underline;\"><a href=\"https:\/\/www.kidsphysio.ca\/fr\/legg-calve-perthes-disease\/\">Maladie de Perthes (ou Legg-Calve-Perthes) <\/a><\/span>| <a href=\"https:\/\/acrobat.adobe.com\/id\/urn:aaid:sc:VA6C2:eb525ecd-f4cd-49ba-afe0-8097cf1835dd\" target=\"_blank\" rel=\"noopener\"><span style=\"text-decoration: underline;\">PDF<\/span><\/a><\/li><li><span style=\"text-decoration: underline;\"><a href=\"https:\/\/www.kidsphysio.ca\/fr\/ligament-sprains\/\">Entorses Ligamentaires<\/a><\/span> | <span style=\"text-decoration: underline;\"><a href=\"https:\/\/acrobat.adobe.com\/id\/urn:aaid:sc:VA6C2:ede8b1dd-3ac5-45cb-be40-bf619c711ce0\" target=\"_blank\" rel=\"noopener\">PDF<\/a><\/span><\/li><li><span style=\"text-decoration: underline;\"><a href=\"https:\/\/www.kidsphysio.ca\/fr\/little-league-elbow\/\">Little League Elbow (LLE)<\/a><\/span> | <span style=\"text-decoration: underline;\"><a href=\"https:\/\/acrobat.adobe.com\/id\/urn:aaid:sc:VA6C2:adac7950-f079-4771-8a1c-f9c5bdff89ff\" target=\"_blank\" rel=\"noopener\">PDF<\/a><\/span><\/li><li><span style=\"text-decoration: underline;\"><a href=\"https:\/\/www.kidsphysio.ca\/fr\/little-league-shoulder\/\">\u00c9paule de la Petite Ligue<\/a><\/span> | <span style=\"text-decoration: underline;\"><a href=\"https:\/\/acrobat.adobe.com\/id\/urn:aaid:sc:VA6C2:56233a89-1ec3-4307-9b15-3f0830bbb3d0\" target=\"_blank\" rel=\"noopener\">PDF<\/a><\/span><\/li><\/ul>\t\t\t\t\t\t\t\t<\/div>\n\t\t\t\t<\/div>\n\t\t\t\t<div class=\"elementor-element elementor-element-77799e0 exad-sticky-section-no exad-glass-effect-no elementor-widget elementor-widget-text-editor\" data-id=\"77799e0\" data-element_type=\"widget\" data-widget_type=\"text-editor.default\">\n\t\t\t\t<div class=\"elementor-widget-container\">\n\t\t\t\t\t\t\t\t\t<ul><li><span style=\"text-decoration: underline;\"><a href=\"https:\/\/www.kidsphysio.ca\/fr\/muscular-dystrophy\/\">Dystrophie Musculaire<\/a><\/span><\/li><li><span style=\"text-decoration: underline;\"><a href=\"https:\/\/www.kidsphysio.ca\/fr\/osgood-schlatters-disease\/\">Maladie d'Osgood-Schlatter <\/a><\/span>| <span style=\"text-decoration: underline;\"><a href=\"https:\/\/acrobat.adobe.com\/id\/urn:aaid:sc:VA6C2:3887cc70-f97d-4a7a-90a5-cfad5f2b3789\" target=\"_blank\" rel=\"noopener\">PDF<\/a><\/span><\/li><li><span style=\"text-decoration: underline;\"><a href=\"https:\/\/www.kidsphysio.ca\/fr\/osteogenesis-imperfecta\/\">Osteogenesis Imperfecta (OI)<\/a><\/span> | <span style=\"text-decoration: underline;\"><a href=\"https:\/\/acrobat.adobe.com\/id\/urn:aaid:sc:VA6C2:f1033d8a-5ebb-4975-a6bf-92c0df22da49\" target=\"_blank\" rel=\"noopener\">PDF<\/a><\/span><\/li><li><span style=\"text-decoration: underline;\"><a href=\"https:\/\/www.kidsphysio.ca\/fr\/playground-play-and-confidence\/\">Jeu et confiance sur le terrain de jeu<\/a><\/span><\/li><li><span style=\"text-decoration: underline;\"><a href=\"https:\/\/www.kidsphysio.ca\/fr\/poor-running-patterns\/\">Mauvais sch\u00e9mas de course<\/a><\/span><\/li><li><span style=\"text-decoration: underline;\"><a href=\"https:\/\/www.kidsphysio.ca\/fr\/rare-genetic-disorders\/\">Troubles g\u00e9n\u00e9tiques rares<\/a><\/span><\/li><li><span style=\"text-decoration: underline;\"><a href=\"https:\/\/www.kidsphysio.ca\/fr\/scoliosis\/\">Scoliose<\/a><\/span> | <span style=\"text-decoration: underline;\"><a href=\"https:\/\/acrobat.adobe.com\/id\/urn:aaid:sc:VA6C2:044b954d-9a4c-4588-a35e-59a5532d3368\" target=\"_blank\" rel=\"noopener\">PDF<\/a><\/span><\/li><li><span style=\"text-decoration: underline;\"><a href=\"https:\/\/www.kidsphysio.ca\/fr\/severs-disease\/\">Maladie de Sever<\/a><\/span> | <span style=\"text-decoration: underline;\"><a href=\"https:\/\/acrobat.adobe.com\/id\/urn:aaid:sc:VA6C2:742b2f68-e218-4369-b1da-035facfcb96c\" target=\"_blank\" rel=\"noopener\">PDF<\/a><\/span><\/li><li><span style=\"text-decoration: underline;\"><a href=\"https:\/\/www.kidsphysio.ca\/fr\/spinal-muscular-atrophy\/\">Amyotrophie Spinale<\/a><\/span><\/li><li><span style=\"text-decoration: underline;\"><a href=\"https:\/\/www.kidsphysio.ca\/fr\/toe-walking\/\">Marche sur la Pointe des Pieds<\/a><\/span> | <span style=\"text-decoration: underline;\"><a href=\"https:\/\/acrobat.adobe.com\/id\/urn:aaid:sc:VA6C2:1d368c2f-f962-4d9b-b301-74cfa7fd3182\" target=\"_blank\" rel=\"noopener\">PDF<\/a><\/span><\/li><li><span style=\"text-decoration: underline;\"><a href=\"https:\/\/www.kidsphysio.ca\/fr\/tongue-tie\/\">Tongue Tie<\/a><\/span> | <span style=\"text-decoration: underline;\"><a href=\"https:\/\/acrobat.adobe.com\/id\/urn:aaid:sc:VA6C2:7ace17a3-5445-4756-a667-6968467954b0\" target=\"_blank\" rel=\"noopener\">PDF<\/a><\/span><\/li><li><span style=\"text-decoration: underline;\"><a href=\"https:\/\/www.kidsphysio.ca\/fr\/torticollis\/\">Torticolis<\/a><\/span> | <span style=\"text-decoration: underline;\"><a href=\"https:\/\/acrobat.adobe.com\/id\/urn:aaid:sc:VA6C2:9bca9b11-16ce-4ce3-861e-74b27c27eb34\" target=\"_blank\" rel=\"noopener\">PDF<\/a><\/span><\/li><li><span style=\"text-decoration: underline;\"><a href=\"https:\/\/www.kidsphysio.ca\/fr\/trisomy-21\/\">Trisomy 21<\/a><\/span>\u00a0| <span style=\"text-decoration: underline;\"><a href=\"https:\/\/acrobat.adobe.com\/id\/urn:aaid:sc:VA6C2:121225ac-5c02-4b67-9294-02e7812c61fc\" target=\"_blank\" rel=\"noopener\">PDF<\/a><\/span><\/li><li><span style=\"text-decoration: underline;\"><a href=\"https:\/\/www.kidsphysio.ca\/fr\/w-sitting\/\">W-Assis<\/a><\/span> | <span style=\"text-decoration: underline;\"><a href=\"https:\/\/acrobat.adobe.com\/id\/urn:aaid:sc:VA6C2:81a6969c-4a1d-48da-94a1-2e6db159ca3b\" target=\"_blank\" rel=\"noopener\">PDF<\/a><\/span><\/li><\/ul>\t\t\t\t\t\t\t\t<\/div>\n\t\t\t\t<\/div>\n\t\t\t\t\t<\/div>\n\t\t\t\t<\/div>\n\t\t\t\t<section class=\"elementor-section elementor-top-section elementor-element elementor-element-722d95e3 elementor-section-height-min-height elementor-section-boxed elementor-section-height-default elementor-section-items-middle exad-glass-effect-no exad-sticky-section-no\" data-id=\"722d95e3\" data-element_type=\"section\" data-settings=\"{&quot;background_background&quot;:&quot;classic&quot;}\">\n\t\t\t\t\t\t\t<div class=\"elementor-background-overlay\"><\/div>\n\t\t\t\t\t\t\t<div class=\"elementor-container elementor-column-gap-default\">\n\t\t\t\t\t<div class=\"elementor-column elementor-col-100 elementor-top-column elementor-element elementor-element-664ae6e exad-glass-effect-no exad-sticky-section-no\" data-id=\"664ae6e\" data-element_type=\"column\">\n\t\t\t<div class=\"elementor-widget-wrap elementor-element-populated\">\n\t\t\t\t\t\t<div class=\"elementor-element elementor-element-2e6370ba exad-sticky-section-no exad-glass-effect-no elementor-widget elementor-widget-heading\" data-id=\"2e6370ba\" data-element_type=\"widget\" data-widget_type=\"heading.default\">\n\t\t\t\t<div class=\"elementor-widget-container\">\n\t\t\t\t\t<h2 class=\"elementor-heading-title elementor-size-default\">R\u00c9SERVEZ VOTRE \u00c9VALUATION INITIALE AUJOURD'HUI<\/h2>\t\t\t\t<\/div>\n\t\t\t\t<\/div>\n\t\t\t\t<div class=\"elementor-element elementor-element-2d9b3d4a exad-sticky-section-no exad-glass-effect-no elementor-widget elementor-widget-text-editor\" data-id=\"2d9b3d4a\" data-element_type=\"widget\" data-widget_type=\"text-editor.default\">\n\t\t\t\t<div class=\"elementor-widget-container\">\n\t\t\t\t\t\t\t\t\t<p>Proc\u00e9dez \u00e0 l'\u00e9tape suivante et faites de la sant\u00e9 de votre enfant une priorit\u00e9 !<\/p>\t\t\t\t\t\t\t\t<\/div>\n\t\t\t\t<\/div>\n\t\t\t\t<div class=\"elementor-element elementor-element-4dfead9e exad-sticky-section-no exad-glass-effect-no elementor-widget elementor-widget-eael-creative-button\" data-id=\"4dfead9e\" data-element_type=\"widget\" data-widget_type=\"eael-creative-button.default\">\n\t\t\t\t<div class=\"elementor-widget-container\">\n\t\t\t\t\t        <div class=\"eael-creative-button-wrapper\">\n\n            <a class=\"eael-creative-button eael-creative-button--rayen\" href=\"https:\/\/www.kidsphysio.ca\/fr\/locations\/\" data-text=\"LET&#039;S GO\">\n\n\t    \n                <div class=\"creative-button-inner\">\n\n                    \n                    <span class=\"cretive-button-text\">RENDEZ-VOUS<\/span>\n\n                                    <\/div>\n\t                        <\/a>\n        <\/div>\n        \t\t\t\t<\/div>\n\t\t\t\t<\/div>\n\t\t\t\t\t<\/div>\n\t\t<\/div>\n\t\t\t\t\t<\/div>\n\t\t<\/section>\n\t\t\t\t<\/div>","protected":false},"excerpt":{"rendered":"<p>Pediatric Conditions Click on any of the conditions to learn more about it, and how physiotherapy can help! Autism Spectrum Disorder Cerebral Palsy\u00a0| PDF Concussions &#8211; First 48 Hours | PDF Concussions | PDF Developmental Coordination Disorder (DCD) | PDF Foot Pain &amp; Arch Development | PDF Global Developmental Delay | PDF Growing Pains | [&hellip;]<\/p>","protected":false},"author":8,"featured_media":0,"parent":11536,"menu_order":0,"comment_status":"closed","ping_status":"closed","template":"","meta":{"_acf_changed":false,"footnotes":""},"location_province":[],"class_list":["post-18177","page","type-page","status-publish","hentry"],"acf":[],"_links":{"self":[{"href":"https:\/\/www.kidsphysio.ca\/fr\/wp-json\/wp\/v2\/pages\/18177","targetHints":{"allow":["GET"]}}],"collection":[{"href":"https:\/\/www.kidsphysio.ca\/fr\/wp-json\/wp\/v2\/pages"}],"about":[{"href":"https:\/\/www.kidsphysio.ca\/fr\/wp-json\/wp\/v2\/types\/page"}],"author":[{"embeddable":true,"href":"https:\/\/www.kidsphysio.ca\/fr\/wp-json\/wp\/v2\/users\/8"}],"replies":[{"embeddable":true,"href":"https:\/\/www.kidsphysio.ca\/fr\/wp-json\/wp\/v2\/comments?post=18177"}],"version-history":[{"count":0,"href":"https:\/\/www.kidsphysio.ca\/fr\/wp-json\/wp\/v2\/pages\/18177\/revisions"}],"up":[{"embeddable":true,"href":"https:\/\/www.kidsphysio.ca\/fr\/wp-json\/wp\/v2\/pages\/11536"}],"wp:attachment":[{"href":"https:\/\/www.kidsphysio.ca\/fr\/wp-json\/wp\/v2\/media?parent=18177"}],"wp:term":[{"taxonomy":"location_province","embeddable":true,"href":"https:\/\/www.kidsphysio.ca\/fr\/wp-json\/wp\/v2\/location_province?post=18177"}],"curies":[{"name":"wp","href":"https:\/\/api.w.org\/{rel}","templated":true}]}}