{"id":11785,"date":"2024-01-11T10:45:32","date_gmt":"2024-01-11T18:45:32","guid":{"rendered":"https:\/\/www.kidsphysio.ca\/?page_id=11785"},"modified":"2025-12-09T09:30:33","modified_gmt":"2025-12-09T17:30:33","slug":"events","status":"publish","type":"page","link":"https:\/\/www.kidsphysio.ca\/fr\/events\/","title":{"rendered":"Ev\u00e9nements"},"content":{"rendered":"<div data-elementor-type=\"wp-page\" data-elementor-id=\"11785\" class=\"elementor elementor-11785\" data-elementor-post-type=\"page\">\n\t\t\t\t\t\t<section class=\"elementor-section elementor-top-section elementor-element elementor-element-515a1a0 elementor-section-height-min-height elementor-section-content-middle elementor-section-boxed elementor-section-height-default elementor-section-items-middle exad-glass-effect-no exad-sticky-section-no\" data-id=\"515a1a0\" data-element_type=\"section\" data-settings=\"{&quot;background_background&quot;:&quot;classic&quot;}\">\n\t\t\t\t\t\t<div class=\"elementor-container elementor-column-gap-default\">\n\t\t\t\t\t<div class=\"elementor-column elementor-col-50 elementor-top-column elementor-element elementor-element-55a8560 exad-glass-effect-no exad-sticky-section-no\" data-id=\"55a8560\" data-element_type=\"column\">\n\t\t\t<div class=\"elementor-widget-wrap elementor-element-populated\">\n\t\t\t\t\t\t<div class=\"elementor-element elementor-element-ad8fa75 animated-slow elementor-widget-tablet__width-initial premium-header-inline premium-lq__none premium-box-lq__none exad-sticky-section-no exad-glass-effect-no elementor-invisible elementor-widget elementor-widget-premium-addon-dual-header\" data-id=\"ad8fa75\" data-element_type=\"widget\" data-settings=\"{&quot;_animation&quot;:&quot;fadeIn&quot;}\" data-widget_type=\"premium-addon-dual-header.default\">\n\t\t\t\t<div class=\"elementor-widget-container\">\n\t\t\t\t\t\n\t\t\t\t\t<h1 class=\"premium-dual-header-first-header\"><span class=\"premium-dual-header-first-span\">Ev\u00e9nements <\/span><\/h1> \t\t\n\t\t\t\t\t\t<\/div>\n\t\t\t\t<\/div>\n\t\t\t\t<div class=\"elementor-element elementor-element-da1df64 elementor-hidden-mobile exad-sticky-section-no exad-glass-effect-no elementor-widget elementor-widget-spacer\" data-id=\"da1df64\" data-element_type=\"widget\" data-widget_type=\"spacer.default\">\n\t\t\t\t<div class=\"elementor-widget-container\">\n\t\t\t\t\t\t\t<div class=\"elementor-spacer\">\n\t\t\t<div class=\"elementor-spacer-inner\"><\/div>\n\t\t<\/div>\n\t\t\t\t\t\t<\/div>\n\t\t\t\t<\/div>\n\t\t\t\t<div class=\"elementor-element elementor-element-4d8abc7 animated-slow exad-sticky-section-no exad-glass-effect-no elementor-invisible elementor-widget elementor-widget-text-editor\" data-id=\"4d8abc7\" data-element_type=\"widget\" data-settings=\"{&quot;_animation&quot;:&quot;fadeIn&quot;}\" data-widget_type=\"text-editor.default\">\n\t\t\t\t<div class=\"elementor-widget-container\">\n\t\t\t\t\t\t\t\t\tLe d\u00e9vouement du Kids Physio Group s'\u00e9tend au-del\u00e0 de la clinique, et nous nous \u00e9panouissons en organisant et en collaborant avec d'autres pour organiser des \u00e9v\u00e9nements passionnants qui rassemblent les familles, les \u00e9ducateurs et les enfants. Nos \u00e9v\u00e9nements sont con\u00e7us pour faire du voyage vers une meilleure sant\u00e9 une aventure agr\u00e9able. Restez \u00e0 l'aff\u00fbt des prochains rassemblements qui m\u00ealent \u00e9ducation et divertissement, favorisant un sentiment de communaut\u00e9 et promouvant l'importance du mouvement dans la vie de nos enfants.\t\t\t\t\t\t\t\t<\/div>\n\t\t\t\t<\/div>\n\t\t\t\t\t<\/div>\n\t\t<\/div>\n\t\t\t\t<div class=\"elementor-column elementor-col-50 elementor-top-column elementor-element elementor-element-6aab81f elementor-hidden-mobile exad-glass-effect-no exad-sticky-section-no\" data-id=\"6aab81f\" data-element_type=\"column\">\n\t\t\t<div class=\"elementor-widget-wrap elementor-element-populated\">\n\t\t\t\t\t\t<div class=\"elementor-element elementor-element-f3fc89a animated-slow exad-sticky-section-no exad-glass-effect-no elementor-invisible elementor-widget elementor-widget-image\" data-id=\"f3fc89a\" data-element_type=\"widget\" data-settings=\"{&quot;_animation&quot;:&quot;fadeIn&quot;}\" data-widget_type=\"image.default\">\n\t\t\t\t<div class=\"elementor-widget-container\">\n\t\t\t\t\t\t\t\t\t\t\t\t\t\t\t<img fetchpriority=\"high\" decoding=\"async\" width=\"640\" height=\"694\" src=\"https:\/\/www.kidsphysio.ca\/wp-content\/uploads\/2022\/05\/KPG_JumpingKid_WHITE-944x1024.png\" class=\"attachment-large size-large wp-image-6015\" alt=\"\" srcset=\"https:\/\/www.kidsphysio.ca\/wp-content\/uploads\/2022\/05\/KPG_JumpingKid_WHITE-944x1024.png 944w, https:\/\/www.kidsphysio.ca\/wp-content\/uploads\/2022\/05\/KPG_JumpingKid_WHITE-277x300.png 277w, https:\/\/www.kidsphysio.ca\/wp-content\/uploads\/2022\/05\/KPG_JumpingKid_WHITE-768x833.png 768w, https:\/\/www.kidsphysio.ca\/wp-content\/uploads\/2022\/05\/KPG_JumpingKid_WHITE-11x12.png 11w, https:\/\/www.kidsphysio.ca\/wp-content\/uploads\/2022\/05\/KPG_JumpingKid_WHITE.png 1358w\" sizes=\"(max-width: 640px) 100vw, 640px\" title=\"\">\t\t\t\t\t\t\t\t\t\t\t\t\t\t\t<\/div>\n\t\t\t\t<\/div>\n\t\t\t\t\t<\/div>\n\t\t<\/div>\n\t\t\t\t\t<\/div>\n\t\t<\/section>\n\t\t<div class=\"elementor-element elementor-element-999a251 e-flex e-con-boxed e-con e-parent\" data-id=\"999a251\" data-element_type=\"container\">\n\t\t\t\t\t<div class=\"e-con-inner\">\n\t\t<div class=\"elementor-element elementor-element-9766452 e-con-full e-flex e-con e-child\" data-id=\"9766452\" data-element_type=\"container\" data-settings=\"{&quot;background_background&quot;:&quot;classic&quot;}\">\n\t\t<div class=\"elementor-element elementor-element-ca79998 e-con-full e-flex e-con e-child\" data-id=\"ca79998\" data-element_type=\"container\">\n\t\t<div class=\"elementor-element elementor-element-53ef241 e-flex e-con-boxed e-con e-child\" data-id=\"53ef241\" data-element_type=\"container\">\n\t\t\t\t\t<div class=\"e-con-inner\">\n\t\t<div class=\"elementor-element elementor-element-60beaff e-con-full e-flex e-con e-child\" data-id=\"60beaff\" data-element_type=\"container\">\n\t\t\t\t<div class=\"elementor-element elementor-element-3498cba exad-sticky-section-no exad-glass-effect-no elementor-widget elementor-widget-heading\" data-id=\"3498cba\" data-element_type=\"widget\" data-widget_type=\"heading.default\">\n\t\t\t\t<div class=\"elementor-widget-container\">\n\t\t\t\t\t<p class=\"elementor-heading-title elementor-size-default\">18<\/p>\t\t\t\t<\/div>\n\t\t\t\t<\/div>\n\t\t\t\t<\/div>\n\t\t<div class=\"elementor-element elementor-element-7867630 e-flex e-con-boxed e-con e-child\" data-id=\"7867630\" data-element_type=\"container\">\n\t\t\t\t\t<div class=\"e-con-inner\">\n\t\t\t\t<div class=\"elementor-element elementor-element-ea27714 exad-sticky-section-no exad-glass-effect-no elementor-widget elementor-widget-heading\" data-id=\"ea27714\" data-element_type=\"widget\" data-widget_type=\"heading.default\">\n\t\t\t\t<div class=\"elementor-widget-container\">\n\t\t\t\t\t<p class=\"elementor-heading-title elementor-size-default\">DEC<\/p>\t\t\t\t<\/div>\n\t\t\t\t<\/div>\n\t\t\t\t\t<\/div>\n\t\t\t\t<\/div>\n\t\t\t\t\t<\/div>\n\t\t\t\t<\/div>\n\t\t\t\t<div class=\"elementor-element elementor-element-5eaa699 exad-sticky-section-no exad-glass-effect-no elementor-widget elementor-widget-heading\" data-id=\"5eaa699\" data-element_type=\"widget\" data-widget_type=\"heading.default\">\n\t\t\t\t<div class=\"elementor-widget-container\">\n\t\t\t\t\t<p class=\"elementor-heading-title elementor-size-default\">JEUDI<\/p>\t\t\t\t<\/div>\n\t\t\t\t<\/div>\n\t\t\t\t<div class=\"elementor-element elementor-element-6724a3a elementor-widget-divider--view-line exad-sticky-section-no exad-glass-effect-no elementor-widget elementor-widget-divider\" data-id=\"6724a3a\" data-element_type=\"widget\" data-widget_type=\"divider.default\">\n\t\t\t\t<div class=\"elementor-widget-container\">\n\t\t\t\t\t\t\t<div class=\"elementor-divider\">\n\t\t\t<span class=\"elementor-divider-separator\">\n\t\t\t\t\t\t<\/span>\n\t\t<\/div>\n\t\t\t\t\t\t<\/div>\n\t\t\t\t<\/div>\n\t\t\t\t<\/div>\n\t\t<div class=\"elementor-element elementor-element-8777a97 e-con-full e-flex e-con e-child\" data-id=\"8777a97\" data-element_type=\"container\">\n\t\t<div class=\"elementor-element elementor-element-192e25f e-flex e-con-boxed e-con e-child\" data-id=\"192e25f\" data-element_type=\"container\">\n\t\t\t\t\t<div class=\"e-con-inner\">\n\t\t<div class=\"elementor-element elementor-element-f9120ec e-con-full e-flex e-con e-child\" data-id=\"f9120ec\" data-element_type=\"container\">\n\t\t\t\t<div class=\"elementor-element elementor-element-27d54f8 exad-sticky-section-no exad-glass-effect-no elementor-widget elementor-widget-heading\" data-id=\"27d54f8\" data-element_type=\"widget\" data-widget_type=\"heading.default\">\n\t\t\t\t<div class=\"elementor-widget-container\">\n\t\t\t\t\t<p class=\"elementor-heading-title elementor-size-default\">11:00 AM PST - 12:00 PM PST<\/p>\t\t\t\t<\/div>\n\t\t\t\t<\/div>\n\t\t\t\t<div class=\"elementor-element elementor-element-ab2694e elementor-widget__width-initial exad-sticky-section-no exad-glass-effect-no elementor-widget elementor-widget-heading\" data-id=\"ab2694e\" data-element_type=\"widget\" data-widget_type=\"heading.default\">\n\t\t\t\t<div class=\"elementor-widget-container\">\n\t\t\t\t\t<h3 class=\"elementor-heading-title elementor-size-default\">Christmas PJ Party<\/h3>\t\t\t\t<\/div>\n\t\t\t\t<\/div>\n\t\t\t\t<\/div>\n\t\t<div class=\"elementor-element elementor-element-9291ac3 e-flex e-con-boxed e-con e-child\" data-id=\"9291ac3\" data-element_type=\"container\">\n\t\t\t\t\t<div class=\"e-con-inner\">\n\t\t\t\t<div class=\"elementor-element elementor-element-0dd5906 exad-sticky-section-no exad-glass-effect-no elementor-widget elementor-widget-heading\" data-id=\"0dd5906\" data-element_type=\"widget\" data-widget_type=\"heading.default\">\n\t\t\t\t<div class=\"elementor-widget-container\">\n\t\t\t\t\t<p class=\"elementor-heading-title elementor-size-default\">NORTH VAN - LONSDALE KIDS PHYSIO<\/p>\t\t\t\t<\/div>\n\t\t\t\t<\/div>\n\t\t\t\t\t<\/div>\n\t\t\t\t<\/div>\n\t\t\t\t\t<\/div>\n\t\t\t\t<\/div>\n\t\t\t\t<\/div>\n\t\t<div class=\"elementor-element elementor-element-6f4f79e e-flex e-con-boxed e-con e-child\" data-id=\"6f4f79e\" data-element_type=\"container\">\n\t\t\t\t\t<div class=\"e-con-inner\">\n\t\t\t\t<div class=\"exad-link-anything-wrapper elementor-element elementor-element-74e3be2 exad-sticky-section-no exad-glass-effect-no elementor-widget elementor-widget-exad-modal-popup\" data-exad-element-link=\"{&quot;url&quot;:&quot;https:\\\/\\\/www.eventbrite.com\\\/e\\\/play-for-all-inclusive-tickets-1368131440969?aff=oddtdtcreator&quot;,&quot;is_external&quot;:&quot;&quot;,&quot;nofollow&quot;:&quot;&quot;,&quot;custom_attributes&quot;:&quot;&quot;}\" style=\"cursor: pointer\" data-id=\"74e3be2\" data-element_type=\"widget\" data-widget_type=\"exad-modal-popup.default\">\n\t\t\t\t<div class=\"elementor-widget-container\">\n\t\t\t\t\t\t\t\r\n\t\t<div class=\"exad-modal\">\r\n\t\t\t<div class=\"exad-modal-wrapper\">\r\n\r\n\t\t\t\t<div class=\"exad-modal-button exad-modal-btn-fixed-width-\">\r\n\t\t\t\t\t<a href=\"#\" class=\"exad-modal-image-action image-modal\" data-exad-modal=\"#exad-modal-74e3be2\" data-exad-overlay=\"yes\" >\r\n\t\t\t\t\t\t<span class=\"exad-modal-action-icon-\">\r\n\t\t\t\t\t\t\tVOIR LES D\u00c9TAILS\t\t\t\t\t\t<\/span>\r\n\t\t\t\t\t<\/a>\r\n\t\t\t\t<\/div>\r\n\t\t\r\n\t\t\t\t<div id=\"exad-modal-74e3be2\" class=\"exad-modal-item modal-vimeo top-to-middle html_content exad-content-overflow-x-yes exad-content-overflow-y-\" data-exad_modal_prevent_page_scroll=\"no\" >\r\n\t\t\t\t\t<div class=\"exad-modal-content\">\r\n\t\t\t\t\t\t<div class=\"exad-modal-element\">\r\n\t\t\t\t\t\t\t\t\t\t\t\t\t\t\t<div class=\"exad-modal-element-body\">\r\n\t\t\t\t\t\t\t\t\t<p><p>Get ready for a cozy and cheerful celebration! Bring your little ones (2 years old and younger) dressed in their cutest Christmas pyjamas for a fun-filled morning playing with our experienced physiotherapists. This is a wonderful opportunity to meet other families, play in our kid friendly space, and ask our physiotherapists any questions about your children\u2019s development!\u00a0<\/p><p><a href=\"https:\/\/www.eventbrite.com\/e\/baby-and-toddler-christmas-pj-party-tickets-1976994321234?aff=oddtdtcreator&amp;fbclid=PAZXh0bgNhZW0CMTEAc3J0YwZhcHBfaWQMMjU2MjgxMDQwNTU4AAGnPTKg1-ZooHoTaUiVUaVJSFOZG7Kg--KfpBuKrZ4wguVXH2quhiqxfhFjH7k_aem_etzcMm4m4rPAkllsfx-4YA&amp;utm_content=link_in_bio&amp;utm_medium=social&amp;utm_source=ig\" target=\"_blank\" rel=\"noopener\"><span style=\"text-decoration: underline\"><strong>Click here to register!\u00a0<\/strong><\/span><\/a><\/p><\/p>\r\n\t\t\t\t\t\t\t\t<\/div>\r\n\t\t\t\t\t\t\t\r\n\t\t\t\t\t\t\t<div class=\"exad-close-btn\">\r\n\t\t\t\t\t\t\t\t<span><\/span>\r\n\t\t\t\t\t\t\t<\/div>\r\n\r\n\t\t\t\t\t\t<\/div>\r\n\t\t\t\t\t<\/div>\r\n\t\t\t\t<\/div>\r\n\t\t\t<\/div>\r\n\t\t\t<div class=\"exad-modal-overlay\" data-exad_overlay_click_close=\"yes\"><\/div>\r\n\t\t<\/div>\r\n\t\t\t\t\t<\/div>\n\t\t\t\t<\/div>\n\t\t\t\t\t<\/div>\n\t\t\t\t<\/div>\n\t\t\t\t<\/div>\n\t\t\t\t\t<\/div>\n\t\t\t\t<\/div>\n\t\t<div class=\"elementor-element elementor-element-bf7c535 e-flex e-con-boxed e-con e-parent\" data-id=\"bf7c535\" data-element_type=\"container\">\n\t\t\t\t\t<div class=\"e-con-inner\">\n\t\t\t\t<div class=\"elementor-element elementor-element-492fe21 exad-sticky-section-no exad-glass-effect-no elementor-widget elementor-widget-text-editor\" data-id=\"492fe21\" data-element_type=\"widget\" data-widget_type=\"text-editor.default\">\n\t\t\t\t<div class=\"elementor-widget-container\">\n\t\t\t\t\t\t\t\t\t<p class=\"translation-block\">Nous sommes toujours \u00e0 la recherche de nouveaux moyens de communiquer avec nos communaut\u00e9s, et nous sommes souvent heureux de contribuer \u00e0 des podcasts, des webinaires ou des \u00e9v\u00e9nements en direct. N'h\u00e9sitez pas \u00e0 contacter Laura par courriel (<span style=\"color: #9bc5d1\"><a style=\"color: #9bc5d1\" href=\"mailto:laura@kidsphysio.ca\" target=\"_self\">laura@kidsphysio.ca<\/a><\/span>) avec votre proposition.<\/p>\t\t\t\t\t\t\t\t<\/div>\n\t\t\t\t<\/div>\n\t\t\t\t\t<\/div>\n\t\t\t\t<\/div>\n\t\t\t\t<\/div>","protected":false},"excerpt":{"rendered":"<p>Events Kids Physio Group&#8217;s dedication extends beyond the clinic, and we thrive on organizing and collaborating with others for exciting events that bring families, educators, and kids together. Our events are designed to make the journey to better health an enjoyable adventure. Stay tuned for upcoming gatherings that blend education with entertainment, fostering a sense [&hellip;]<\/p>","protected":false},"author":11,"featured_media":0,"parent":0,"menu_order":0,"comment_status":"closed","ping_status":"closed","template":"","meta":{"_acf_changed":false,"footnotes":""},"location_province":[],"class_list":["post-11785","page","type-page","status-publish","hentry"],"acf":[],"_links":{"self":[{"href":"https:\/\/www.kidsphysio.ca\/fr\/wp-json\/wp\/v2\/pages\/11785","targetHints":{"allow":["GET"]}}],"collection":[{"href":"https:\/\/www.kidsphysio.ca\/fr\/wp-json\/wp\/v2\/pages"}],"about":[{"href":"https:\/\/www.kidsphysio.ca\/fr\/wp-json\/wp\/v2\/types\/page"}],"author":[{"embeddable":true,"href":"https:\/\/www.kidsphysio.ca\/fr\/wp-json\/wp\/v2\/users\/11"}],"replies":[{"embeddable":true,"href":"https:\/\/www.kidsphysio.ca\/fr\/wp-json\/wp\/v2\/comments?post=11785"}],"version-history":[{"count":3,"href":"https:\/\/www.kidsphysio.ca\/fr\/wp-json\/wp\/v2\/pages\/11785\/revisions"}],"predecessor-version":[{"id":22646,"href":"https:\/\/www.kidsphysio.ca\/fr\/wp-json\/wp\/v2\/pages\/11785\/revisions\/22646"}],"wp:attachment":[{"href":"https:\/\/www.kidsphysio.ca\/fr\/wp-json\/wp\/v2\/media?parent=11785"}],"wp:term":[{"taxonomy":"location_province","embeddable":true,"href":"https:\/\/www.kidsphysio.ca\/fr\/wp-json\/wp\/v2\/location_province?post=11785"}],"curies":[{"name":"wp","href":"https:\/\/api.w.org\/{rel}","templated":true}]}}