{"id":11536,"date":"2024-01-09T10:53:36","date_gmt":"2024-01-09T18:53:36","guid":{"rendered":"https:\/\/www.kidsphysio.ca\/?page_id=11536"},"modified":"2025-05-20T16:51:15","modified_gmt":"2025-05-20T23:51:15","slug":"education","status":"publish","type":"page","link":"https:\/\/www.kidsphysio.ca\/fr\/education\/","title":{"rendered":"L'\u00e9ducation"},"content":{"rendered":"<div data-elementor-type=\"wp-page\" data-elementor-id=\"11536\" class=\"elementor elementor-11536\" data-elementor-post-type=\"page\">\n\t\t\t\t\t\t<section class=\"elementor-section elementor-top-section elementor-element elementor-element-2d3eaa8 elementor-section-height-min-height elementor-section-items-stretch elementor-section-full_width elementor-section-height-default exad-glass-effect-no exad-sticky-section-no\" data-id=\"2d3eaa8\" data-element_type=\"section\" data-settings=\"{&quot;background_background&quot;:&quot;classic&quot;}\">\n\t\t\t\t\t\t\t<div class=\"elementor-background-overlay\"><\/div>\n\t\t\t\t\t\t\t<div class=\"elementor-container elementor-column-gap-default\">\n\t\t\t\t\t<div class=\"elementor-column elementor-col-50 elementor-top-column elementor-element elementor-element-9a68c2b exad-glass-effect-no exad-sticky-section-no\" data-id=\"9a68c2b\" data-element_type=\"column\">\n\t\t\t<div class=\"elementor-widget-wrap elementor-element-populated\">\n\t\t\t\t\t\t<div class=\"elementor-element elementor-element-b9541e4 animated-slow premium-header-inline premium-lq__none premium-box-lq__none exad-sticky-section-no exad-glass-effect-no elementor-invisible elementor-widget elementor-widget-premium-addon-dual-header\" data-id=\"b9541e4\" data-element_type=\"widget\" data-settings=\"{&quot;_animation&quot;:&quot;fadeIn&quot;}\" data-widget_type=\"premium-addon-dual-header.default\">\n\t\t\t\t<div class=\"elementor-widget-container\">\n\t\t\t\t\t\n\t\t\t\t\t<h1 class=\"premium-dual-header-first-header\"><span class=\"premium-dual-header-first-span\">PARTAGER NOTRE <\/span><span class=\"premium-dual-header-second-header\">EXPERTISE<\/span><\/h1> \t\t\n\t\t\t\t\t\t<\/div>\n\t\t\t\t<\/div>\n\t\t\t\t<div class=\"elementor-element elementor-element-2b1acc5 exad-sticky-section-no exad-glass-effect-no elementor-widget elementor-widget-heading\" data-id=\"2b1acc5\" data-element_type=\"widget\" data-widget_type=\"heading.default\">\n\t\t\t\t<div class=\"elementor-widget-container\">\n\t\t\t\t\t<p class=\"elementor-heading-title elementor-size-default\">Chez Kids Physio, l\u2019une de nos valeurs fondamentales est de fournir une physio amusante et de qualit\u00e9 mondiale \u2013 tant dans nos cliniques qu\u2019au-del\u00e0. Nous visons \u00e0 \u00e9lever le niveau des soins p\u00e9diatriques \u00e0 travers le monde et pensons qu\u2019un acc\u00e8s accru \u00e0 une \u00e9ducation de qualit\u00e9 pour les parents et les physioth\u00e9rapeutes contribuera \u00e0 soutenir les enfants du monde entier!<\/p>\t\t\t\t<\/div>\n\t\t\t\t<\/div>\n\t\t\t\t\t<\/div>\n\t\t<\/div>\n\t\t\t\t<div class=\"elementor-column elementor-col-50 elementor-top-column elementor-element elementor-element-e086c0c elementor-hidden-mobile elementor-hidden-tablet exad-glass-effect-no exad-sticky-section-no\" data-id=\"e086c0c\" data-element_type=\"column\">\n\t\t\t<div class=\"elementor-widget-wrap\">\n\t\t\t\t\t\t\t<\/div>\n\t\t<\/div>\n\t\t\t\t\t<\/div>\n\t\t<\/section>\n\t\t\t\t<section class=\"elementor-section elementor-top-section elementor-element elementor-element-194f3c4 elementor-section-boxed elementor-section-height-default elementor-section-height-default exad-glass-effect-no exad-sticky-section-no\" data-id=\"194f3c4\" data-element_type=\"section\">\n\t\t\t\t\t\t<div class=\"elementor-container elementor-column-gap-default\">\n\t\t\t\t\t<div class=\"elementor-column elementor-col-100 elementor-top-column elementor-element elementor-element-76f58cc exad-glass-effect-no exad-sticky-section-no\" data-id=\"76f58cc\" data-element_type=\"column\">\n\t\t\t<div class=\"elementor-widget-wrap elementor-element-populated\">\n\t\t\t\t\t\t<div class=\"elementor-element elementor-element-c3e1c1d e-transform e-transform elementor-widget-divider--view-line exad-sticky-section-no exad-glass-effect-no elementor-widget elementor-widget-divider\" data-id=\"c3e1c1d\" data-element_type=\"widget\" data-settings=\"{&quot;_transform_rotateZ_effect&quot;:{&quot;unit&quot;:&quot;px&quot;,&quot;size&quot;:90,&quot;sizes&quot;:[]},&quot;_transform_translateX_effect&quot;:{&quot;unit&quot;:&quot;px&quot;,&quot;size&quot;:-13,&quot;sizes&quot;:[]},&quot;_transform_translateX_effect_mobile&quot;:{&quot;unit&quot;:&quot;px&quot;,&quot;size&quot;:-25,&quot;sizes&quot;:[]},&quot;_transform_rotateZ_effect_tablet&quot;:{&quot;unit&quot;:&quot;deg&quot;,&quot;size&quot;:&quot;&quot;,&quot;sizes&quot;:[]},&quot;_transform_rotateZ_effect_mobile&quot;:{&quot;unit&quot;:&quot;deg&quot;,&quot;size&quot;:&quot;&quot;,&quot;sizes&quot;:[]},&quot;_transform_translateX_effect_tablet&quot;:{&quot;unit&quot;:&quot;px&quot;,&quot;size&quot;:&quot;&quot;,&quot;sizes&quot;:[]},&quot;_transform_translateY_effect&quot;:{&quot;unit&quot;:&quot;px&quot;,&quot;size&quot;:&quot;&quot;,&quot;sizes&quot;:[]},&quot;_transform_translateY_effect_tablet&quot;:{&quot;unit&quot;:&quot;px&quot;,&quot;size&quot;:&quot;&quot;,&quot;sizes&quot;:[]},&quot;_transform_translateY_effect_mobile&quot;:{&quot;unit&quot;:&quot;px&quot;,&quot;size&quot;:&quot;&quot;,&quot;sizes&quot;:[]}}\" data-widget_type=\"divider.default\">\n\t\t\t\t<div class=\"elementor-widget-container\">\n\t\t\t\t\t\t\t<div class=\"elementor-divider\">\n\t\t\t<span class=\"elementor-divider-separator\">\n\t\t\t\t\t\t<\/span>\n\t\t<\/div>\n\t\t\t\t\t\t<\/div>\n\t\t\t\t<\/div>\n\t\t\t\t\t<\/div>\n\t\t<\/div>\n\t\t\t\t\t<\/div>\n\t\t<\/section>\n\t\t<div class=\"elementor-element elementor-element-9799191 e-flex e-con-boxed e-con e-parent\" data-id=\"9799191\" data-element_type=\"container\">\n\t\t\t\t\t<div class=\"e-con-inner\">\n\t\t\t\t<div class=\"elementor-element elementor-element-714a6ee exad-sticky-section-no exad-glass-effect-no elementor-widget elementor-widget-spacer\" data-id=\"714a6ee\" data-element_type=\"widget\" data-widget_type=\"spacer.default\">\n\t\t\t\t<div class=\"elementor-widget-container\">\n\t\t\t\t\t\t\t<div class=\"elementor-spacer\">\n\t\t\t<div class=\"elementor-spacer-inner\"><\/div>\n\t\t<\/div>\n\t\t\t\t\t\t<\/div>\n\t\t\t\t<\/div>\n\t\t\t\t<div class=\"elementor-element elementor-element-d01b7d3 exad-sticky-section-no exad-glass-effect-no elementor-widget elementor-widget-heading\" data-id=\"d01b7d3\" data-element_type=\"widget\" data-widget_type=\"heading.default\">\n\t\t\t\t<div class=\"elementor-widget-container\">\n\t\t\t\t\t<h2 class=\"elementor-heading-title elementor-size-default\">PROGRAMME DE MENTORAT DE KIDS PHYSIO GROUP<\/h2>\t\t\t\t<\/div>\n\t\t\t\t<\/div>\n\t\t<div class=\"elementor-element elementor-element-6444522 e-flex e-con-boxed e-con e-child\" data-id=\"6444522\" data-element_type=\"container\">\n\t\t\t\t\t<div class=\"e-con-inner\">\n\t\t<div class=\"elementor-element elementor-element-364c3d8 e-con-full e-flex e-con e-child\" data-id=\"364c3d8\" data-element_type=\"container\" data-settings=\"{&quot;background_background&quot;:&quot;classic&quot;}\">\n\t\t\t\t<div class=\"elementor-element elementor-element-b6925d5 exad-sticky-section-no exad-glass-effect-no elementor-widget elementor-widget-video\" data-id=\"b6925d5\" data-element_type=\"widget\" data-settings=\"{&quot;video_type&quot;:&quot;vimeo&quot;}\" data-widget_type=\"video.default\">\n\t\t\t\t<div class=\"elementor-widget-container\">\n\t\t\t\t\t\t\t<div class=\"elementor-wrapper elementor-open-inline\">\n\t\t\t<iframe class=\"elementor-video-iframe\" allowfullscreen allow=\"clipboard-write\" title=\"Lecteur vid\u00e9o vimeo\" src=\"https:\/\/player.vimeo.com\/video\/739056233?color&amp;autopause=0&amp;loop=0&amp;muted=0&amp;title=0&amp;portrait=0&amp;byline=0#t=\" data-no-translation-title=\"\"><\/iframe>\t\t<\/div>\n\t\t\t\t\t\t<\/div>\n\t\t\t\t<\/div>\n\t\t\t\t<\/div>\n\t\t<div class=\"elementor-element elementor-element-4c0a583 e-flex e-con-boxed e-con e-child\" data-id=\"4c0a583\" data-element_type=\"container\">\n\t\t\t\t\t<div class=\"e-con-inner\">\n\t\t\t\t<div class=\"elementor-element elementor-element-989bf3f exad-sticky-section-no exad-glass-effect-no elementor-widget elementor-widget-text-editor\" data-id=\"989bf3f\" data-element_type=\"widget\" data-widget_type=\"text-editor.default\">\n\t\t\t\t<div class=\"elementor-widget-container\">\n\t\t\t\t\t\t\t\t\t<p>Aimez-vous l'id\u00e9e de travailler avec des enfants mais vous n'avez qu'une exp\u00e9rience clinique limit\u00e9e en p\u00e9diatrie ? Alors cette opportunit\u00e9 est pour vous ! Chez Kids Physio, nous offrons un mentorat et un soutien complets pour aider nos cliniciens \u00e0 passer du statut de \" nouveau en physio p\u00e9diatrique \" \u00e0 celui d'\" expert en physio p\u00e9diatrique \" :<\/p><ul><li aria-level=\"1\">Programme de mentorat p\u00e9diatrique et modules d'apprentissage en ligne de Kids Physio: une r\u00e9vision compl\u00e8te des conditions p\u00e9diatriques courantes, des trucs et astuces pour les traitements et des \u00e9tudes de cas mensuelles. En savoir plus sur notre programme <a href=\"https:\/\/embodiaapp.com\/blog\/419-how-to-become-a-pediatric-physiotherapist\" target=\"_blank\" rel=\"noopener\">ICI<\/a>.<\/li><li aria-level=\"1\">Coach Clinique\u00a0: acc\u00e8s \u00e0 un coach en clinique pour vous aider \u00e0 r\u00e9pondre \u00e0 vos questions cliniques au cours des 6 premiers mois de pratique.<\/li><li aria-level=\"1\">Des opportunit\u00e9s d'apprentissage continu pour continuer \u00e0 d\u00e9velopper vos comp\u00e9tences\u00a0: club de journal scientifique, formations internes, cours exclusifs \u00e0 KPG et PLUS!<\/li><\/ul><p>Si vous souhaitez b\u00e9n\u00e9ficier d'un mentorat p\u00e9diatrique de qualit\u00e9 mondiale et rendre la physioth\u00e9rapie amusante, rendez-vous sur nos offres d'emploi pour trouver une clinique qui embauche pr\u00e8s de chez vous\u00a0! S'il n'y a pas de clinique dans votre r\u00e9gion et que vous souhaitez discuter des opportunit\u00e9s de mentorat, veuillez nous envoyer un courriel \u00e0 <a href=\"mailto:learn@kidsphysio.ca\">learn@kidsphysio.ca<\/a><\/p>\t\t\t\t\t\t\t\t<\/div>\n\t\t\t\t<\/div>\n\t\t\t\t<div class=\"elementor-element elementor-element-1436219 elementor-widget__width-initial exad-sticky-section-no exad-glass-effect-no elementor-widget elementor-widget-eael-creative-button\" data-id=\"1436219\" data-element_type=\"widget\" data-widget_type=\"eael-creative-button.default\">\n\t\t\t\t<div class=\"elementor-widget-container\">\n\t\t\t\t\t        <div class=\"eael-creative-button-wrapper\">\n\n            <a class=\"eael-creative-button eael-creative-button--rayen\" href=\"https:\/\/embodiaapp.com\/blog\/419-how-to-become-a-pediatric-physiotherapist\" data-text=\"LET&#039;S GO\" target=\"_blank\" rel=\"noopener\">\n\n\t    \n                <div class=\"creative-button-inner\">\n\n                    \n                    <span class=\"cretive-button-text\">SAVOIR PLUS<\/span>\n\n                                    <\/div>\n\t                        <\/a>\n        <\/div>\n        \t\t\t\t<\/div>\n\t\t\t\t<\/div>\n\t\t\t\t\t<\/div>\n\t\t\t\t<\/div>\n\t\t\t\t\t<\/div>\n\t\t\t\t<\/div>\n\t\t\t\t\t<\/div>\n\t\t\t\t<\/div>\n\t\t<div class=\"elementor-element elementor-element-ea5b64c e-flex e-con-boxed e-con e-parent\" data-id=\"ea5b64c\" data-element_type=\"container\">\n\t\t\t\t\t<div class=\"e-con-inner\">\n\t\t\t\t<div class=\"elementor-element elementor-element-a8b15e9 exad-sticky-section-no exad-glass-effect-no elementor-widget elementor-widget-spacer\" data-id=\"a8b15e9\" data-element_type=\"widget\" data-widget_type=\"spacer.default\">\n\t\t\t\t<div class=\"elementor-widget-container\">\n\t\t\t\t\t\t\t<div class=\"elementor-spacer\">\n\t\t\t<div class=\"elementor-spacer-inner\"><\/div>\n\t\t<\/div>\n\t\t\t\t\t\t<\/div>\n\t\t\t\t<\/div>\n\t\t\t\t\t<\/div>\n\t\t\t\t<\/div>\n\t\t<div class=\"elementor-element elementor-element-e1ce66b e-flex e-con-boxed e-con e-parent\" data-id=\"e1ce66b\" data-element_type=\"container\">\n\t\t\t\t\t<div class=\"e-con-inner\">\n\t\t<div class=\"elementor-element elementor-element-1b9ad1f e-con-full e-flex e-con e-child\" data-id=\"1b9ad1f\" data-element_type=\"container\">\n\t\t\t\t<div class=\"elementor-element elementor-element-8792431 exad-sticky-section-no exad-glass-effect-no elementor-widget elementor-widget-heading\" data-id=\"8792431\" data-element_type=\"widget\" data-widget_type=\"heading.default\">\n\t\t\t\t<div class=\"elementor-widget-container\">\n\t\t\t\t\t<h3 class=\"elementor-heading-title elementor-size-default\">POUR LES PARENTS<\/h3>\t\t\t\t<\/div>\n\t\t\t\t<\/div>\n\t\t<div class=\"elementor-element elementor-element-7b3b52b e-flex e-con-boxed e-con e-child\" data-id=\"7b3b52b\" data-element_type=\"container\">\n\t\t\t\t\t<div class=\"e-con-inner\">\n\t\t\t\t<div class=\"elementor-element elementor-element-a572fcc exad-sticky-section-no exad-glass-effect-no elementor-widget elementor-widget-image\" data-id=\"a572fcc\" data-element_type=\"widget\" data-widget_type=\"image.default\">\n\t\t\t\t<div class=\"elementor-widget-container\">\n\t\t\t\t\t\t\t\t\t\t\t\t\t\t\t<img fetchpriority=\"high\" decoding=\"async\" width=\"640\" height=\"427\" src=\"https:\/\/www.kidsphysio.ca\/wp-content\/uploads\/2024\/02\/DSCF1830-1024x683.jpg\" class=\"attachment-large size-large wp-image-13923\" alt=\"Education - Picture of a baby laying down wearing a kids physio group white onsie\" srcset=\"https:\/\/www.kidsphysio.ca\/wp-content\/uploads\/2024\/02\/DSCF1830-1024x683.jpg 1024w, https:\/\/www.kidsphysio.ca\/wp-content\/uploads\/2024\/02\/DSCF1830-300x200.jpg 300w, https:\/\/www.kidsphysio.ca\/wp-content\/uploads\/2024\/02\/DSCF1830-768x512.jpg 768w, https:\/\/www.kidsphysio.ca\/wp-content\/uploads\/2024\/02\/DSCF1830-391x260.jpg 391w, https:\/\/www.kidsphysio.ca\/wp-content\/uploads\/2024\/02\/DSCF1830-1536x1024.jpg 1536w, https:\/\/www.kidsphysio.ca\/wp-content\/uploads\/2024\/02\/DSCF1830-2048x1365.jpg 2048w, https:\/\/www.kidsphysio.ca\/wp-content\/uploads\/2024\/02\/DSCF1830-18x12.jpg 18w\" sizes=\"(max-width: 640px) 100vw, 640px\" title=\"\">\t\t\t\t\t\t\t\t\t\t\t\t\t\t\t<\/div>\n\t\t\t\t<\/div>\n\t\t\t\t<div class=\"elementor-element elementor-element-20b599e exad-sticky-section-no exad-glass-effect-no elementor-widget elementor-widget-text-editor\" data-id=\"20b599e\" data-element_type=\"widget\" data-widget_type=\"text-editor.default\">\n\t\t\t\t<div class=\"elementor-widget-container\">\n\t\t\t\t\t\t\t\t\t<p>Nous avons compris! \u00c0 l\u2019\u00e8re des influenceurs, il peut \u00eatre difficile de trouver des informations fiables sur la sant\u00e9 de votre enfant.<\/p><p>De nombreuses conditions s'am\u00e9liorent facilement lorsqu'elles sont d\u00e9tect\u00e9es t\u00f4t et<b>\u00a0notre objectif est de donner aux parents des informations leur permettant de soutenir et de pr\u00e9coniser les soins de leur enfant.<\/b>.<\/p><p>Nos cours dans notre acad\u00e9mie KPG, \u00abFor all learners\u00bb ont \u00e9t\u00e9 con\u00e7us pour les parents et les tuteurs occup\u00e9s, et fournissent des informations importantes adapt\u00e9es \u00e0 des conditions ou des tranches d'\u00e2ge tr\u00e8s sp\u00e9cifiques, afin que vous puissiez acqu\u00e9rir les connaissances importantes pour vous et votre famille, et continuez votre journ\u00e9e.<\/p><p class=\"translation-block\">Nous vous recommandons \u00e9galement de consulter <a href=\"https:\/\/www.kidsphysio.ca\/fr\/events\/\" target=\"_blank\" rel=\"noopener\">notre page d'\u00e9v\u00e9nements<\/a>\u00a0pour d\u00e9couvrir des opportunit\u00e9s d'apprendre aupr\u00e8s d'un physioth\u00e9rapeute qualifi\u00e9 dans votre communaut\u00e9!<\/p>\t\t\t\t\t\t\t\t<\/div>\n\t\t\t\t<\/div>\n\t\t\t\t<div class=\"elementor-element elementor-element-d588eb2 exad-sticky-section-no exad-glass-effect-no elementor-widget elementor-widget-eael-creative-button\" data-id=\"d588eb2\" data-element_type=\"widget\" data-widget_type=\"eael-creative-button.default\">\n\t\t\t\t<div class=\"elementor-widget-container\">\n\t\t\t\t\t        <div class=\"eael-creative-button-wrapper\">\n\n            <a class=\"eael-creative-button eael-creative-button--rayen\" href=\"https:\/\/kpg.embodiaacademy.com\/patient_portal\/courses\" data-text=\"LET&#039;S GO\" target=\"_blank\" rel=\"noopener\">\n\n\t    \n                <div class=\"creative-button-inner\">\n\n                    \n                    <span class=\"cretive-button-text\">SAVOIR PLUS<\/span>\n\n                                    <\/div>\n\t                        <\/a>\n        <\/div>\n        \t\t\t\t<\/div>\n\t\t\t\t<\/div>\n\t\t\t\t\t<\/div>\n\t\t\t\t<\/div>\n\t\t\t\t<\/div>\n\t\t<div class=\"elementor-element elementor-element-3025f4c e-con-full e-flex e-con e-child\" data-id=\"3025f4c\" data-element_type=\"container\">\n\t\t\t\t<div class=\"elementor-element elementor-element-48a81fa exad-sticky-section-no exad-glass-effect-no elementor-widget elementor-widget-heading\" data-id=\"48a81fa\" data-element_type=\"widget\" data-widget_type=\"heading.default\">\n\t\t\t\t<div class=\"elementor-widget-container\">\n\t\t\t\t\t<h3 class=\"elementor-heading-title elementor-size-default\">POUR LES PHYSIOTH\u00c9RAPEUTES<\/h3>\t\t\t\t<\/div>\n\t\t\t\t<\/div>\n\t\t<div class=\"elementor-element elementor-element-d870bd4 e-flex e-con-boxed e-con e-child\" data-id=\"d870bd4\" data-element_type=\"container\">\n\t\t\t\t\t<div class=\"e-con-inner\">\n\t\t\t\t<div class=\"elementor-element elementor-element-ffb8bed exad-sticky-section-no exad-glass-effect-no elementor-widget elementor-widget-image\" data-id=\"ffb8bed\" data-element_type=\"widget\" data-widget_type=\"image.default\">\n\t\t\t\t<div class=\"elementor-widget-container\">\n\t\t\t\t\t\t\t\t\t\t\t\t\t\t\t<img decoding=\"async\" src=\"https:\/\/www.kidsphysio.ca\/wp-content\/uploads\/2024\/02\/HOME-PAGE-2-2-scaled.jpg\" title=\"L&#039;\u00e9ducation\" alt=\"Education - Picture of a physiotherapist at a Kids Physio Group clinic performing an excise with a patient.\" loading=\"lazy\" \/>\t\t\t\t\t\t\t\t\t\t\t\t\t\t\t<\/div>\n\t\t\t\t<\/div>\n\t\t\t\t<div class=\"elementor-element elementor-element-7e87e8b exad-sticky-section-no exad-glass-effect-no elementor-widget elementor-widget-text-editor\" data-id=\"7e87e8b\" data-element_type=\"widget\" data-widget_type=\"text-editor.default\">\n\t\t\t\t<div class=\"elementor-widget-container\">\n\t\t\t\t\t\t\t\t\t<p class=\"translation-block\">L'\u00e9cart entre terminer ses \u00e9tudes de physioth\u00e9rapie et devenir un physio p\u00e9diatrique confiant peut sembler\u00a0<em>tr\u00e8s<\/em>\u00a0important.<\/p><p>Gr\u00e2ce aux cours de la KPG Academy, vous acquerrez les comp\u00e9tences n\u00e9cessaires pour offrir des services amusants et fond\u00e9s sur des donn\u00e9es probantes <strong>paediatric<\/strong> physioth\u00e9rapie!<br \/><br \/>Alors que de nombreux cours se concentrent sur des comp\u00e9tences ou des techniques tr\u00e8s sp\u00e9cifiques, nous avons con\u00e7u nos cours de formation pour aider les th\u00e9rapeutes \u00e0 devenir des experts en mati\u00e8re de d\u00e9veloppement et de soins de physioth\u00e9rapie sp\u00e9cifiques aux enfants.<\/p><p>Chaque cours contient des exemples vid\u00e9o, des le\u00e7ons comment\u00e9es, des questions de r\u00e9flexion sur des cas concrets ainsi que des ressources pr\u00e9cieuses que vous pouvez imm\u00e9diatement commencer \u00e0 int\u00e9grer dans votre pratique.<\/p>\t\t\t\t\t\t\t\t<\/div>\n\t\t\t\t<\/div>\n\t\t\t\t<div class=\"elementor-element elementor-element-b9cc7c7 exad-sticky-section-no exad-glass-effect-no elementor-widget elementor-widget-eael-creative-button\" data-id=\"b9cc7c7\" data-element_type=\"widget\" data-widget_type=\"eael-creative-button.default\">\n\t\t\t\t<div class=\"elementor-widget-container\">\n\t\t\t\t\t        <div class=\"eael-creative-button-wrapper\">\n\n            <a class=\"eael-creative-button eael-creative-button--rayen\" href=\"https:\/\/kpg.embodiaacademy.com\/patient_portal\/courses\" data-text=\"LET&#039;S GO\" target=\"_blank\" rel=\"noopener\">\n\n\t    \n                <div class=\"creative-button-inner\">\n\n                    \n                    <span class=\"cretive-button-text\">SAVOIR PLUS<\/span>\n\n                                    <\/div>\n\t                        <\/a>\n        <\/div>\n        \t\t\t\t<\/div>\n\t\t\t\t<\/div>\n\t\t\t\t\t<\/div>\n\t\t\t\t<\/div>\n\t\t\t\t<\/div>\n\t\t\t\t\t<\/div>\n\t\t\t\t<\/div>\n\t\t\t\t<section class=\"elementor-section elementor-top-section elementor-element elementor-element-616b14ba elementor-section-height-min-height elementor-section-boxed elementor-section-height-default elementor-section-items-middle exad-glass-effect-no exad-sticky-section-no\" data-id=\"616b14ba\" data-element_type=\"section\" data-settings=\"{&quot;background_background&quot;:&quot;classic&quot;}\">\n\t\t\t\t\t\t\t<div class=\"elementor-background-overlay\"><\/div>\n\t\t\t\t\t\t\t<div class=\"elementor-container elementor-column-gap-default\">\n\t\t\t\t\t<div class=\"elementor-column elementor-col-100 elementor-top-column elementor-element elementor-element-366623f7 exad-glass-effect-no exad-sticky-section-no\" data-id=\"366623f7\" data-element_type=\"column\">\n\t\t\t<div class=\"elementor-widget-wrap elementor-element-populated\">\n\t\t\t\t\t\t<div class=\"elementor-element elementor-element-7498e046 exad-sticky-section-no exad-glass-effect-no elementor-widget elementor-widget-heading\" data-id=\"7498e046\" data-element_type=\"widget\" data-widget_type=\"heading.default\">\n\t\t\t\t<div class=\"elementor-widget-container\">\n\t\t\t\t\t<h2 class=\"elementor-heading-title elementor-size-default\">R\u00c9SERVEZ VOTRE \u00c9VALUATION INITIALE AUJOURD'HUI<\/h2>\t\t\t\t<\/div>\n\t\t\t\t<\/div>\n\t\t\t\t<div class=\"elementor-element elementor-element-570648ff exad-sticky-section-no exad-glass-effect-no elementor-widget elementor-widget-text-editor\" data-id=\"570648ff\" data-element_type=\"widget\" data-widget_type=\"text-editor.default\">\n\t\t\t\t<div class=\"elementor-widget-container\">\n\t\t\t\t\t\t\t\t\t<p>Proc\u00e9dez \u00e0 l'\u00e9tape suivante et faites de la sant\u00e9 de votre enfant une priorit\u00e9 !<\/p>\t\t\t\t\t\t\t\t<\/div>\n\t\t\t\t<\/div>\n\t\t\t\t<div class=\"elementor-element elementor-element-2faf28c exad-sticky-section-no exad-glass-effect-no elementor-widget elementor-widget-eael-creative-button\" data-id=\"2faf28c\" data-element_type=\"widget\" data-widget_type=\"eael-creative-button.default\">\n\t\t\t\t<div class=\"elementor-widget-container\">\n\t\t\t\t\t        <div class=\"eael-creative-button-wrapper\">\n\n            <a class=\"eael-creative-button eael-creative-button--rayen\" href=\"https:\/\/www.kidsphysio.ca\/fr\/locations\/\" data-text=\"LET&#039;S GO\">\n\n\t    \n                <div class=\"creative-button-inner\">\n\n                    \n                    <span class=\"cretive-button-text\">RENDEZ-VOUS<\/span>\n\n                                    <\/div>\n\t                        <\/a>\n        <\/div>\n        \t\t\t\t<\/div>\n\t\t\t\t<\/div>\n\t\t\t\t\t<\/div>\n\t\t<\/div>\n\t\t\t\t\t<\/div>\n\t\t<\/section>\n\t\t\t\t<\/div>","protected":false},"excerpt":{"rendered":"<p>SHARING OUR EXPERTISE At Kids Physio, one of our core values is to provide fun, world-class physio \u2013 both in our clinics and beyond. We aim to raise the standard of paediatric care across the world, and believe that increasing access to quality education for both parents and physiotherapists will help to support children everywhere! [&hellip;]<\/p>","protected":false},"author":11,"featured_media":0,"parent":0,"menu_order":0,"comment_status":"closed","ping_status":"closed","template":"","meta":{"_acf_changed":false,"footnotes":""},"location_province":[],"class_list":["post-11536","page","type-page","status-publish","hentry"],"acf":[],"_links":{"self":[{"href":"https:\/\/www.kidsphysio.ca\/fr\/wp-json\/wp\/v2\/pages\/11536","targetHints":{"allow":["GET"]}}],"collection":[{"href":"https:\/\/www.kidsphysio.ca\/fr\/wp-json\/wp\/v2\/pages"}],"about":[{"href":"https:\/\/www.kidsphysio.ca\/fr\/wp-json\/wp\/v2\/types\/page"}],"author":[{"embeddable":true,"href":"https:\/\/www.kidsphysio.ca\/fr\/wp-json\/wp\/v2\/users\/11"}],"replies":[{"embeddable":true,"href":"https:\/\/www.kidsphysio.ca\/fr\/wp-json\/wp\/v2\/comments?post=11536"}],"version-history":[{"count":0,"href":"https:\/\/www.kidsphysio.ca\/fr\/wp-json\/wp\/v2\/pages\/11536\/revisions"}],"wp:attachment":[{"href":"https:\/\/www.kidsphysio.ca\/fr\/wp-json\/wp\/v2\/media?parent=11536"}],"wp:term":[{"taxonomy":"location_province","embeddable":true,"href":"https:\/\/www.kidsphysio.ca\/fr\/wp-json\/wp\/v2\/location_province?post=11536"}],"curies":[{"name":"wp","href":"https:\/\/api.w.org\/{rel}","templated":true}]}}